{"id":1905,"date":"2017-02-13T12:24:27","date_gmt":"2017-02-13T13:05:17","guid":{"rendered":"http:\/\/kaderli.dev\/product\/dalles-polygonale-taille\/"},"modified":"2018-05-22T11:35:52","modified_gmt":"2018-05-22T11:35:52","slug":"dalles-polygonale-taille","status":"publish","type":"product","link":"https:\/\/kaderli.ch\/fr\/product\/dalles-polygonale-taille\/","title":{"rendered":"Dalles taill\u00e9 polygonale"},"content":{"rendered":"<p>La pose polygonal des dalles avec la forme irr\u00e9guliere est tr\u00e9s exigeante pour le profesionel. Les dalles devront \u00e9tre taill\u00e9 \u00e0 la main, mais aujourdhui ils sont souvent sci\u00e9 \u00e0 la maschine, mais avec cela on perde le vrai character de la dalle naturelle. A cause ce d\u00e9pense de travail plus \u00e9lev\u00e9e les frais pour ces dallages sont aussi relativement cher.<\/p>\n","protected":false},"excerpt":{"rendered":"<p>La pose polygonal des dalles avec la forme irr\u00e9guliere est tr\u00e9s exigeante pour le profesionel. Les dalles devront \u00e9tre taill\u00e9 \u00e0 la main, mais aujourdhui ils sont souvent sci\u00e9 \u00e0 la maschine, mais avec cela on perde le vrai character de la dalle naturelle. A cause ce d\u00e9pense de travail plus \u00e9lev\u00e9e les frais pour ces dallages sont aussi relativement cher.<\/p>\n","protected":false},"featured_media":782,"template":"","meta":[],"product_brand":[],"product_cat":[51],"product_tag":[800,798],"class_list":{"0":"post-1905","1":"product","2":"type-product","3":"status-publish","4":"has-post-thumbnail","6":"product_cat-dalles-en-pierre-naturel","7":"product_tag-prn","8":"product_tag-sfd","9":"pa_dimensions-laenge-m-x-breite-m-fr","10":"pa_discounts-105_25-fr","11":"pa_id-47-fr","12":"pa_link-www-jardin2000-ch-fr","13":"pa_similar-86-fr","15":"first","16":"instock","17":"virtual","18":"purchasable","19":"product-type-simple"},"_links":{"self":[{"href":"https:\/\/kaderli.ch\/fr\/wp-json\/wp\/v2\/product\/1905","targetHints":{"allow":["GET"]}}],"collection":[{"href":"https:\/\/kaderli.ch\/fr\/wp-json\/wp\/v2\/product"}],"about":[{"href":"https:\/\/kaderli.ch\/fr\/wp-json\/wp\/v2\/types\/product"}],"wp:featuredmedia":[{"embeddable":true,"href":"https:\/\/kaderli.ch\/fr\/wp-json\/wp\/v2\/media\/782"}],"wp:attachment":[{"href":"https:\/\/kaderli.ch\/fr\/wp-json\/wp\/v2\/media?parent=1905"}],"wp:term":[{"taxonomy":"product_brand","embeddable":true,"href":"https:\/\/kaderli.ch\/fr\/wp-json\/wp\/v2\/product_brand?post=1905"},{"taxonomy":"product_cat","embeddable":true,"href":"https:\/\/kaderli.ch\/fr\/wp-json\/wp\/v2\/product_cat?post=1905"},{"taxonomy":"product_tag","embeddable":true,"href":"https:\/\/kaderli.ch\/fr\/wp-json\/wp\/v2\/product_tag?post=1905"}],"curies":[{"name":"wp","href":"https:\/\/api.w.org\/{rel}","templated":true}]}}