{"id":1907,"date":"2017-02-13T12:24:27","date_gmt":"2017-02-13T13:05:17","guid":{"rendered":"http:\/\/kaderli.dev\/product\/plancher-en-bois\/"},"modified":"2017-08-11T15:12:42","modified_gmt":"2017-08-11T15:12:42","slug":"plancher-en-bois","status":"publish","type":"product","link":"https:\/\/kaderli.ch\/fr\/product\/plancher-en-bois\/","title":{"rendered":"Plancher en bois"},"content":{"rendered":"<p>Le grille en bois est mont\u00e9e en g\u00e9neral sur place. Ils s&rsquo;\u00e9prouve pour des grandes surfaces ou en liaison avec des terasses \u00e9lev\u00e9e ou avec des debarcad\u00e9re. Tr\u00e9s connue est le bois du m\u00e9l\u00e8ze, qui n&rsquo;as pas boesoin d&rsquo;\u00eatre autoclav\u00e9e. Mais il doit \u00eatre fournie du specialist pour pas vous blaisser avec le bois.<\/p>\n","protected":false},"excerpt":{"rendered":"<p>Le grille en bois est mont\u00e9e en g\u00e9neral sur place. Ils s&#039;\u00e9prouve pour des grandes surfaces ou en liaison avec des terasses \u00e9lev\u00e9e ou avec des debarcad\u00e9re. Tr\u00e9s connue est le bois du m\u00e9l\u00e8ze, qui n&#039;as pas boesoin d&#039;\u00eatre autoclav\u00e9e. Mais il doit \u00eatre fournie du specialist pour pas vous blaisser avec le bois.<\/p>\n","protected":false},"featured_media":759,"template":"","meta":[],"product_brand":[],"product_cat":[50],"product_tag":[798],"class_list":{"0":"post-1907","1":"product","2":"type-product","3":"status-publish","4":"has-post-thumbnail","6":"product_cat-revetements-en-bois","7":"product_tag-sfd","8":"pa_dimensions-laenge-m-x-breite-m-fr","9":"pa_id-44-fr","11":"first","12":"instock","13":"virtual","14":"purchasable","15":"product-type-simple"},"_links":{"self":[{"href":"https:\/\/kaderli.ch\/fr\/wp-json\/wp\/v2\/product\/1907","targetHints":{"allow":["GET"]}}],"collection":[{"href":"https:\/\/kaderli.ch\/fr\/wp-json\/wp\/v2\/product"}],"about":[{"href":"https:\/\/kaderli.ch\/fr\/wp-json\/wp\/v2\/types\/product"}],"wp:featuredmedia":[{"embeddable":true,"href":"https:\/\/kaderli.ch\/fr\/wp-json\/wp\/v2\/media\/759"}],"wp:attachment":[{"href":"https:\/\/kaderli.ch\/fr\/wp-json\/wp\/v2\/media?parent=1907"}],"wp:term":[{"taxonomy":"product_brand","embeddable":true,"href":"https:\/\/kaderli.ch\/fr\/wp-json\/wp\/v2\/product_brand?post=1907"},{"taxonomy":"product_cat","embeddable":true,"href":"https:\/\/kaderli.ch\/fr\/wp-json\/wp\/v2\/product_cat?post=1907"},{"taxonomy":"product_tag","embeddable":true,"href":"https:\/\/kaderli.ch\/fr\/wp-json\/wp\/v2\/product_tag?post=1907"}],"curies":[{"name":"wp","href":"https:\/\/api.w.org\/{rel}","templated":true}]}}