{"id":1908,"date":"2017-02-13T12:24:27","date_gmt":"2017-02-13T13:05:17","guid":{"rendered":"http:\/\/kaderli.dev\/product\/marches-standard\/"},"modified":"2017-08-11T15:14:10","modified_gmt":"2017-08-11T15:14:10","slug":"marches-standard","status":"publish","type":"product","link":"https:\/\/kaderli.ch\/fr\/product\/marches-standard\/","title":{"rendered":"Marches standard"},"content":{"rendered":"<p>La marche standard et a votre disposition comme marche en bloc ou marche en element L. Ils vont bien avec les dalles standart, mais aussi avec les pavages gris ou l&rsquo;asphalte.<br \/><b>Hauteurs:<\/b> 15cm;  marche en bloc pleine 17cm;<br \/><b>Surface:<\/b> daloch\u00e9e; sabl\u00e9e; b\u00eaton lav\u00e9 gris et jura jaune<br \/><b>couleurs:<\/b> gris; brun claire; antrazith; porphyr<br \/><b>longueur des marches:<\/b> 50cm; 75cm; 80cm; 100cm; 125cm;<\/p>\n","protected":false},"excerpt":{"rendered":"<p>La marche standard et a votre disposition comme marche en bloc ou marche en element L. Ils vont bien avec les dalles standart, mais aussi avec les pavages gris ou l&#039;asphalte.<br \/><b>Hauteurs:<\/b> 15cm;  marche en bloc pleine 17cm;<br \/><b>Surface:<\/b> daloch\u00e9e; sabl\u00e9e; b\u00eaton lav\u00e9 gris et jura jaune<br \/><b>couleurs:<\/b> gris; brun claire; antrazith; porphyr<br \/><b>longueur des marches:<\/b> 50cm; 75cm; 80cm; 100cm; 125cm;<\/p>\n","protected":false},"featured_media":754,"template":"","meta":[],"product_brand":[],"product_cat":[35],"product_tag":[790],"class_list":{"0":"post-1908","1":"product","2":"type-product","3":"status-publish","4":"has-post-thumbnail","6":"product_cat-marches-en-blocs-et-en-l","7":"product_tag-esca","8":"pa_dimensions-stueck-x-breite-m-fr","9":"pa_discounts-80_10-fr","10":"pa_id-39-fr","11":"pa_link-www-cbm-liste-ch-www-jardin2000-ch-fr","12":"pa_similar-169-fr","14":"first","15":"instock","16":"virtual","17":"purchasable","18":"product-type-simple"},"_links":{"self":[{"href":"https:\/\/kaderli.ch\/fr\/wp-json\/wp\/v2\/product\/1908","targetHints":{"allow":["GET"]}}],"collection":[{"href":"https:\/\/kaderli.ch\/fr\/wp-json\/wp\/v2\/product"}],"about":[{"href":"https:\/\/kaderli.ch\/fr\/wp-json\/wp\/v2\/types\/product"}],"wp:featuredmedia":[{"embeddable":true,"href":"https:\/\/kaderli.ch\/fr\/wp-json\/wp\/v2\/media\/754"}],"wp:attachment":[{"href":"https:\/\/kaderli.ch\/fr\/wp-json\/wp\/v2\/media?parent=1908"}],"wp:term":[{"taxonomy":"product_brand","embeddable":true,"href":"https:\/\/kaderli.ch\/fr\/wp-json\/wp\/v2\/product_brand?post=1908"},{"taxonomy":"product_cat","embeddable":true,"href":"https:\/\/kaderli.ch\/fr\/wp-json\/wp\/v2\/product_cat?post=1908"},{"taxonomy":"product_tag","embeddable":true,"href":"https:\/\/kaderli.ch\/fr\/wp-json\/wp\/v2\/product_tag?post=1908"}],"curies":[{"name":"wp","href":"https:\/\/api.w.org\/{rel}","templated":true}]}}