{"id":1910,"date":"2017-02-13T12:24:27","date_gmt":"2017-02-13T13:05:17","guid":{"rendered":"http:\/\/kaderli.dev\/product\/brique-en-beton-clivee\/"},"modified":"2017-08-11T15:18:03","modified_gmt":"2017-08-11T15:18:03","slug":"brique-en-beton-clivee","status":"publish","type":"product","link":"https:\/\/kaderli.ch\/fr\/product\/brique-en-beton-clivee\/","title":{"rendered":"Brique en b\u00e9ton cliv\u00e9e"},"content":{"rendered":"<p>Les briques en b\u00e9ton cliv\u00e9 sont des pierres artificielles, ou reconstitu\u00e9es. Ces \u00e9l\u00e9ments permettent la construction de murs d&rsquo;apparence rustique. Une couvertine termine le mur en son sommet et les angles, les extr\u00e9mit\u00e9s peuvent \u00eatre orn\u00e9s de piliers.<br \/>&#8211; construction de murs de sout\u00e8nement ou en isol\u00e9s.<br \/>&#8211; apparence particuli\u00e8rement \u00e9l\u00e9gante et d\u00e9corative<br \/>&#8211; diff\u00e9rentes surfaces et couleurs<br \/>&#8211; pose en courbe possible<br \/>&#8211; peu co\u00fbteux<br \/>&#8211; pose rapide<br \/>Pour le couronnement du mur une couvertine est pos\u00e9e. Le mur peut se terminer par une colonne ou simplement avec des briques.<\/p>\n","protected":false},"excerpt":{"rendered":"<p>Les briques en b\u00e9ton cliv\u00e9 sont des pierres artificielles, ou reconstitu\u00e9es. Ces \u00e9l\u00e9ments permettent la construction de murs d&#039;apparence rustique. Une couvertine termine le mur en son sommet et les angles, les extr\u00e9mit\u00e9s peuvent \u00eatre orn\u00e9s de piliers.<br \/>&#8211; construction de murs de sout\u00e8nement ou en isol\u00e9s.<br \/>&#8211; apparence particuli\u00e8rement \u00e9l\u00e9gante et d\u00e9corative<br \/>&#8211; diff\u00e9rentes surfaces et couleurs<br \/>&#8211; pose en courbe possible<br \/>&#8211; peu co\u00fbteux<br \/>&#8211; pose rapide<br \/>Pour le couronnement du mur une couvertine est pos\u00e9e. Le mur peut se terminer par une colonne ou simplement avec des briques.<\/p>\n","protected":false},"featured_media":758,"template":"","meta":[],"product_brand":[],"product_cat":[31],"product_tag":[792],"class_list":{"0":"post-1910","1":"product","2":"type-product","3":"status-publish","4":"has-post-thumbnail","6":"product_cat-elements-et-briques-en-beton","7":"product_tag-mrt","8":"pa_dimensions-hoehe-m-x-laenge-m-fr","9":"pa_id-41-fr","10":"pa_link-www-cbm-liste-ch-fr","12":"first","13":"instock","14":"virtual","15":"purchasable","16":"product-type-simple"},"_links":{"self":[{"href":"https:\/\/kaderli.ch\/fr\/wp-json\/wp\/v2\/product\/1910","targetHints":{"allow":["GET"]}}],"collection":[{"href":"https:\/\/kaderli.ch\/fr\/wp-json\/wp\/v2\/product"}],"about":[{"href":"https:\/\/kaderli.ch\/fr\/wp-json\/wp\/v2\/types\/product"}],"wp:featuredmedia":[{"embeddable":true,"href":"https:\/\/kaderli.ch\/fr\/wp-json\/wp\/v2\/media\/758"}],"wp:attachment":[{"href":"https:\/\/kaderli.ch\/fr\/wp-json\/wp\/v2\/media?parent=1910"}],"wp:term":[{"taxonomy":"product_brand","embeddable":true,"href":"https:\/\/kaderli.ch\/fr\/wp-json\/wp\/v2\/product_brand?post=1910"},{"taxonomy":"product_cat","embeddable":true,"href":"https:\/\/kaderli.ch\/fr\/wp-json\/wp\/v2\/product_cat?post=1910"},{"taxonomy":"product_tag","embeddable":true,"href":"https:\/\/kaderli.ch\/fr\/wp-json\/wp\/v2\/product_tag?post=1910"}],"curies":[{"name":"wp","href":"https:\/\/api.w.org\/{rel}","templated":true}]}}