{"id":1911,"date":"2017-02-13T12:24:27","date_gmt":"2017-02-13T13:05:17","guid":{"rendered":"http:\/\/kaderli.dev\/product\/chemins-et-terasses-avec-pave-pierre-naturelle\/"},"modified":"2017-08-10T13:13:29","modified_gmt":"2017-08-10T13:13:29","slug":"chemins-et-terasses-avec-pave-pierre-naturelle","status":"publish","type":"product","link":"https:\/\/kaderli.ch\/fr\/product\/chemins-et-terasses-avec-pave-pierre-naturelle\/","title":{"rendered":"Chemin et Terrasse en pav\u00e9 naturelle"},"content":{"rendered":"<p>A la r\u00e9alisation des terasses et chemins pietons avec des pav\u00e9 naturelles nous avons des possibilit\u00e9es sans arr\u00eat de la cr\u00e9ation des surfaces avec la choix des diff\u00e9rentes mat\u00e9riaux et formes.<\/p>\n","protected":false},"excerpt":{"rendered":"<p>A la r\u00e9alisation des terasses et chemins pietons avec des pav\u00e9 naturelles nous avons des possibilit\u00e9es sans arr\u00eat de la cr\u00e9ation des surfaces avec la choix des diff\u00e9rentes mat\u00e9riaux et formes.<\/p>\n","protected":false},"featured_media":770,"template":"","meta":[],"product_brand":[],"product_cat":[84],"product_tag":[800,798],"class_list":{"0":"post-1911","1":"product","2":"type-product","3":"status-publish","4":"has-post-thumbnail","6":"product_cat-pavee-en-pierre-naturel","7":"product_tag-prn","8":"product_tag-sfd","9":"pa_dimensions-laenge-m-x-breite-m-fr","10":"pa_discounts-160_50-fr","11":"pa_id-45-fr","13":"first","14":"instock","15":"virtual","16":"purchasable","17":"product-type-simple"},"_links":{"self":[{"href":"https:\/\/kaderli.ch\/fr\/wp-json\/wp\/v2\/product\/1911","targetHints":{"allow":["GET"]}}],"collection":[{"href":"https:\/\/kaderli.ch\/fr\/wp-json\/wp\/v2\/product"}],"about":[{"href":"https:\/\/kaderli.ch\/fr\/wp-json\/wp\/v2\/types\/product"}],"wp:featuredmedia":[{"embeddable":true,"href":"https:\/\/kaderli.ch\/fr\/wp-json\/wp\/v2\/media\/770"}],"wp:attachment":[{"href":"https:\/\/kaderli.ch\/fr\/wp-json\/wp\/v2\/media?parent=1911"}],"wp:term":[{"taxonomy":"product_brand","embeddable":true,"href":"https:\/\/kaderli.ch\/fr\/wp-json\/wp\/v2\/product_brand?post=1911"},{"taxonomy":"product_cat","embeddable":true,"href":"https:\/\/kaderli.ch\/fr\/wp-json\/wp\/v2\/product_cat?post=1911"},{"taxonomy":"product_tag","embeddable":true,"href":"https:\/\/kaderli.ch\/fr\/wp-json\/wp\/v2\/product_tag?post=1911"}],"curies":[{"name":"wp","href":"https:\/\/api.w.org\/{rel}","templated":true}]}}