{"id":1912,"date":"2017-02-13T12:24:27","date_gmt":"2017-02-13T13:05:17","guid":{"rendered":"http:\/\/kaderli.dev\/product\/dalles-en-pierre-naturelle-en-formes-regulieres\/"},"modified":"2017-08-11T15:20:25","modified_gmt":"2017-08-11T15:20:25","slug":"dalles-en-pierre-naturelle-en-formes-regulieres","status":"publish","type":"product","link":"https:\/\/kaderli.ch\/fr\/product\/dalles-en-pierre-naturelle-en-formes-regulieres\/","title":{"rendered":"Dalle pierre naturel en lignes"},"content":{"rendered":"<p>La pose des dalles en pierre naturelle carr\u00e9 sci\u00e9 est meilleurs march\u00e9 que des dalles irr\u00e9guli\u00e9re qu&rsquo;ils sont a pr\u00e9parer. Souvent ils sont si r\u00e9guli\u00e9re qu&rsquo;on peut les poser sur le lit de gravillon tir\u00e9 ou coller sur une chappe en b\u00eaton. Les dalles pour l&rsquo;\u00e9xt\u00e9rieurs ont une \u00e9paisseur de cm. 2-3.<\/p>\n","protected":false},"excerpt":{"rendered":"<p>La pose des dalles en pierre naturelle carr\u00e9 sci\u00e9 est meilleurs march\u00e9 que des dalles irr\u00e9guli\u00e9re qu&#039;ils sont a pr\u00e9parer. Souvent ils sont si r\u00e9guli\u00e9re qu&#039;on peut les poser sur le lit de gravillon tir\u00e9 ou coller sur une chappe en b\u00eaton. Les dalles pour l&#039;\u00e9xt\u00e9rieurs ont une \u00e9paisseur de cm. 2-3.<\/p>\n","protected":false},"featured_media":772,"template":"","meta":[],"product_brand":[],"product_cat":[51],"product_tag":[800,798],"class_list":{"0":"post-1912","1":"product","2":"type-product","3":"status-publish","4":"has-post-thumbnail","6":"product_cat-dalles-en-pierre-naturel","7":"product_tag-prn","8":"product_tag-sfd","9":"pa_dimensions-laenge-m-x-breite-m-fr","10":"pa_discounts-32_10-30_50-fr","11":"pa_id-46-fr","12":"pa_link-www-jardin2000-chbodenpl-htm-www-glasson-chdcatalogmateriaux-php-fr","14":"first","15":"instock","16":"virtual","17":"purchasable","18":"product-type-simple"},"_links":{"self":[{"href":"https:\/\/kaderli.ch\/fr\/wp-json\/wp\/v2\/product\/1912","targetHints":{"allow":["GET"]}}],"collection":[{"href":"https:\/\/kaderli.ch\/fr\/wp-json\/wp\/v2\/product"}],"about":[{"href":"https:\/\/kaderli.ch\/fr\/wp-json\/wp\/v2\/types\/product"}],"wp:featuredmedia":[{"embeddable":true,"href":"https:\/\/kaderli.ch\/fr\/wp-json\/wp\/v2\/media\/772"}],"wp:attachment":[{"href":"https:\/\/kaderli.ch\/fr\/wp-json\/wp\/v2\/media?parent=1912"}],"wp:term":[{"taxonomy":"product_brand","embeddable":true,"href":"https:\/\/kaderli.ch\/fr\/wp-json\/wp\/v2\/product_brand?post=1912"},{"taxonomy":"product_cat","embeddable":true,"href":"https:\/\/kaderli.ch\/fr\/wp-json\/wp\/v2\/product_cat?post=1912"},{"taxonomy":"product_tag","embeddable":true,"href":"https:\/\/kaderli.ch\/fr\/wp-json\/wp\/v2\/product_tag?post=1912"}],"curies":[{"name":"wp","href":"https:\/\/api.w.org\/{rel}","templated":true}]}}