{"id":1913,"date":"2017-02-13T12:24:27","date_gmt":"2017-02-13T13:05:17","guid":{"rendered":"http:\/\/kaderli.dev\/product\/gravier-gras-d-enney\/"},"modified":"2024-09-23T05:22:10","modified_gmt":"2024-09-23T05:22:10","slug":"gravier-gras-d-enney","status":"publish","type":"product","link":"https:\/\/kaderli.ch\/fr\/product\/gravier-gras-d-enney\/","title":{"rendered":"Gravier gras de Enney"},"content":{"rendered":"<p>Le gravier gras d&rsquo;Enney poss\u00e8de les m\u00eames caract\u00e9ristiques que le gravier gras du Jura, mais de couleur grise.<\/p>\n","protected":false},"excerpt":{"rendered":"<p>Le gravier gras d&#039;Enney poss\u00e8de les m\u00eames caract\u00e9ristiques que le gravier gras du Jura, mais de couleur grise.<\/p>\n","protected":false},"featured_media":791,"template":"","meta":[],"product_brand":[],"product_cat":[52],"product_tag":[798],"class_list":{"0":"post-1913","1":"product","2":"type-product","3":"status-publish","4":"has-post-thumbnail","6":"product_cat-gravier-ou-places-naturelles","7":"product_tag-sfd","8":"pa_dimensions-laenge-m-x-breite-m-fr","9":"pa_id-49-fr","10":"pa_similar-73-111-fr","12":"first","13":"instock","14":"purchasable","15":"product-type-simple"},"_links":{"self":[{"href":"https:\/\/kaderli.ch\/fr\/wp-json\/wp\/v2\/product\/1913","targetHints":{"allow":["GET"]}}],"collection":[{"href":"https:\/\/kaderli.ch\/fr\/wp-json\/wp\/v2\/product"}],"about":[{"href":"https:\/\/kaderli.ch\/fr\/wp-json\/wp\/v2\/types\/product"}],"wp:featuredmedia":[{"embeddable":true,"href":"https:\/\/kaderli.ch\/fr\/wp-json\/wp\/v2\/media\/791"}],"wp:attachment":[{"href":"https:\/\/kaderli.ch\/fr\/wp-json\/wp\/v2\/media?parent=1913"}],"wp:term":[{"taxonomy":"product_brand","embeddable":true,"href":"https:\/\/kaderli.ch\/fr\/wp-json\/wp\/v2\/product_brand?post=1913"},{"taxonomy":"product_cat","embeddable":true,"href":"https:\/\/kaderli.ch\/fr\/wp-json\/wp\/v2\/product_cat?post=1913"},{"taxonomy":"product_tag","embeddable":true,"href":"https:\/\/kaderli.ch\/fr\/wp-json\/wp\/v2\/product_tag?post=1913"}],"curies":[{"name":"wp","href":"https:\/\/api.w.org\/{rel}","templated":true}]}}