{"id":1914,"date":"2017-02-13T12:24:27","date_gmt":"2017-02-13T13:05:17","guid":{"rendered":"http:\/\/kaderli.dev\/product\/gravier-lave\/"},"modified":"2024-09-23T05:32:36","modified_gmt":"2024-09-23T05:32:36","slug":"gravier-lave","status":"publish","type":"product","link":"https:\/\/kaderli.ch\/fr\/product\/gravier-lave\/","title":{"rendered":"Gravier lav\u00e9"},"content":{"rendered":"<p>Le gravier lav\u00e9 apporte un charme particulier aux chemins pi\u00e9tonniers, places et cours. Vous retrouverez r\u00e9guli\u00e8rement cette forme de rev\u00eatement autour des ch\u00e2teaux et villas de ma\u00eetres. Ce rev\u00eatement est aussi agr\u00e9able car il est rare d&rsquo;y observer la formation de flaques apr\u00e8s de forte pluie. En plus, on ne porte pas aussi beaucoup de poussi\u00e9re dans les appartements comme des surfaces en gravi\u00e9r gras. En general, le gravi\u00e9r lav\u00e9 (dim 8-16) on pose sur une couche de gravi\u00e9r gras, qu&rsquo;il donne la stabilit\u00e9e.<\/p>\n","protected":false},"excerpt":{"rendered":"<p>Le gravier lav\u00e9 apporte un charme particulier aux chemins pi\u00e9tonniers, places et cours. Vous retrouverez r\u00e9guli\u00e8rement cette forme de rev\u00eatement autour des ch\u00e2teaux et villas de ma\u00eetres. Ce rev\u00eatement est aussi agr\u00e9able car il est rare d&#039;y observer la formation de flaques apr\u00e8s de forte pluie. En plus, on ne porte pas aussi beaucoup de poussi\u00e9re dans les appartements comme des surfaces en gravi\u00e9r gras. En general, le gravi\u00e9r lav\u00e9 (dim 8-16) on pose sur une couche de gravi\u00e9r gras, qu&#039;il donne la stabilit\u00e9e.<\/p>\n","protected":false},"featured_media":798,"template":"","meta":[],"product_brand":[],"product_cat":[52],"product_tag":[798],"class_list":{"0":"post-1914","1":"product","2":"type-product","3":"status-publish","4":"has-post-thumbnail","6":"product_cat-gravier-ou-places-naturelles","7":"product_tag-sfd","8":"pa_dimensions-laenge-m-x-breite-m-fr","9":"pa_id-50-fr","11":"first","12":"instock","13":"purchasable","14":"product-type-simple"},"_links":{"self":[{"href":"https:\/\/kaderli.ch\/fr\/wp-json\/wp\/v2\/product\/1914","targetHints":{"allow":["GET"]}}],"collection":[{"href":"https:\/\/kaderli.ch\/fr\/wp-json\/wp\/v2\/product"}],"about":[{"href":"https:\/\/kaderli.ch\/fr\/wp-json\/wp\/v2\/types\/product"}],"wp:featuredmedia":[{"embeddable":true,"href":"https:\/\/kaderli.ch\/fr\/wp-json\/wp\/v2\/media\/798"}],"wp:attachment":[{"href":"https:\/\/kaderli.ch\/fr\/wp-json\/wp\/v2\/media?parent=1914"}],"wp:term":[{"taxonomy":"product_brand","embeddable":true,"href":"https:\/\/kaderli.ch\/fr\/wp-json\/wp\/v2\/product_brand?post=1914"},{"taxonomy":"product_cat","embeddable":true,"href":"https:\/\/kaderli.ch\/fr\/wp-json\/wp\/v2\/product_cat?post=1914"},{"taxonomy":"product_tag","embeddable":true,"href":"https:\/\/kaderli.ch\/fr\/wp-json\/wp\/v2\/product_tag?post=1914"}],"curies":[{"name":"wp","href":"https:\/\/api.w.org\/{rel}","templated":true}]}}