{"id":1916,"date":"2017-02-13T12:24:27","date_gmt":"2017-02-13T13:05:17","guid":{"rendered":"http:\/\/kaderli.dev\/product\/finalgo-vakuum\/"},"modified":"2017-08-11T15:25:03","modified_gmt":"2017-08-11T15:25:03","slug":"finalgo-vakuum","status":"publish","type":"product","link":"https:\/\/kaderli.ch\/fr\/product\/finalgo-vakuum\/","title":{"rendered":"Finalgo vakuum dalle"},"content":{"rendered":"<p>La dalle Finalgo Vakuum est tr\u00e8s interessante \u00e0 cose de la grande chois en dimensions et \u00e9paisseur. Les dalles avec la plus grande \u00e9paisseur sont carossables et les dalles avec les dimensions de cm.100 sont utilil\u00e9es comme objects de cr\u00e9ations..<br \/><b>\u00c9paisseurs:<\/b> cm 2; 3; 4; 5; 6; 8; 10;<br \/><b>Surfaces\/bord:<\/b> Surface ciment ou sabl\u00e9e; bords chanfrein\u00e9es ou droite.<br \/><b>Couleurs:<\/b> gris; anthrazit; jaune jura; (brun claire; porhpyr; rouge brique sur demande)<br \/><b>Dimensions:<\/b> cm 40\/40; 40\/60; 40\/80; 60\/60; 25\/50; 50\/50; 75\/50; 100\/20; 100\/25; 100\/30; 100\/40; 100\/50; 100\/60 (selon \u00e9paisseur seulement quelques dimensions ou differences des prix aux dimmensions cm 100\/)<\/p>\n","protected":false},"excerpt":{"rendered":"<p>La dalle Finalgo Vakuum est tr\u00e8s interessante \u00e0 cose de la grande chois en dimensions et \u00e9paisseur. Les dalles avec la plus grande \u00e9paisseur sont carossables et les dalles avec les dimensions de cm.100 sont utilil\u00e9es comme objects de cr\u00e9ations..<br \/><b>\u00c9paisseurs:<\/b> cm 2; 3; 4; 5; 6; 8; 10;<br \/><b>Surfaces\/bord:<\/b> Surface ciment ou sabl\u00e9e; bords chanfrein\u00e9es ou droite.<br \/><b>Couleurs:<\/b> gris; anthrazit; jaune jura; (brun claire; porhpyr; rouge brique sur demande)<br \/><b>Dimensions:<\/b> cm 40\/40; 40\/60; 40\/80; 60\/60; 25\/50; 50\/50; 75\/50; 100\/20; 100\/25; 100\/30; 100\/40; 100\/50; 100\/60 (selon \u00e9paisseur seulement quelques dimensions ou differences des prix aux dimmensions cm 100\/)<\/p>\n","protected":false},"featured_media":805,"template":"","meta":[],"product_brand":[],"product_cat":[53],"product_tag":[798],"class_list":{"0":"post-1916","1":"product","2":"type-product","3":"status-publish","4":"has-post-thumbnail","6":"product_cat-dalles-en-beton","7":"product_tag-sfd","8":"pa_dimensions-quadratmeter-fr","9":"pa_discounts-50_50-fr","10":"pa_id-52-fr","11":"pa_link-www-creabeton-baustoff-ch-fr","13":"first","14":"instock","15":"virtual","16":"purchasable","17":"product-type-simple"},"_links":{"self":[{"href":"https:\/\/kaderli.ch\/fr\/wp-json\/wp\/v2\/product\/1916","targetHints":{"allow":["GET"]}}],"collection":[{"href":"https:\/\/kaderli.ch\/fr\/wp-json\/wp\/v2\/product"}],"about":[{"href":"https:\/\/kaderli.ch\/fr\/wp-json\/wp\/v2\/types\/product"}],"wp:featuredmedia":[{"embeddable":true,"href":"https:\/\/kaderli.ch\/fr\/wp-json\/wp\/v2\/media\/805"}],"wp:attachment":[{"href":"https:\/\/kaderli.ch\/fr\/wp-json\/wp\/v2\/media?parent=1916"}],"wp:term":[{"taxonomy":"product_brand","embeddable":true,"href":"https:\/\/kaderli.ch\/fr\/wp-json\/wp\/v2\/product_brand?post=1916"},{"taxonomy":"product_cat","embeddable":true,"href":"https:\/\/kaderli.ch\/fr\/wp-json\/wp\/v2\/product_cat?post=1916"},{"taxonomy":"product_tag","embeddable":true,"href":"https:\/\/kaderli.ch\/fr\/wp-json\/wp\/v2\/product_tag?post=1916"}],"curies":[{"name":"wp","href":"https:\/\/api.w.org\/{rel}","templated":true}]}}