{"id":1918,"date":"2017-02-13T12:24:27","date_gmt":"2017-02-13T13:05:17","guid":{"rendered":"http:\/\/kaderli.dev\/product\/seccada\/"},"modified":"2017-08-11T15:27:38","modified_gmt":"2017-08-11T15:27:38","slug":"seccada","status":"publish","type":"product","link":"https:\/\/kaderli.ch\/fr\/product\/seccada\/","title":{"rendered":"Seccada"},"content":{"rendered":"<p>Avec les dalles Seccada un peut cr\u00e9er des surfaces color\u00e9es. Avec leurs formes speciales nous pouvons poser ces dalles de mani\u00e8re \u00e0 avoir diff\u00e9rents motifs.Les dalles Seccada peuvent \u00eatre pos\u00e9es sur des surfaces carrosable parce que ils sont fabriqu\u00e9 avec une \u00e9paisseur plus gros..<br \/><b>\u00c9paisseur:<\/b> 5cm<br \/><b>Surface:<\/b> grenaill\u00e9e<br \/><b>Couleurs:<\/b><br \/>Gris claire; Jaune sierra; Granit; Gris-Norv\u00e8ge; Brun-Arizona; Rouge-coral; Bleu clair<br \/><b>Dimensions:<\/b><br \/>Dalle biaise: 40&#215;20\/32cm<br \/>Dalle carr\u00e9e: 20;20cm<\/p>\n","protected":false},"excerpt":{"rendered":"<p>Avec les dalles Seccada un peut cr\u00e9er des surfaces color\u00e9es. Avec leurs formes speciales nous pouvons poser ces dalles de mani\u00e8re \u00e0 avoir diff\u00e9rents motifs.Les dalles Seccada peuvent \u00eatre pos\u00e9es sur des surfaces carrosable parce que ils sont fabriqu\u00e9 avec une \u00e9paisseur plus gros..<br \/><b>\u00c9paisseur:<\/b> 5cm<br \/><b>Surface:<\/b> grenaill\u00e9e<br \/><b>Couleurs:<\/b><br \/>Gris claire; Jaune sierra; Granit; Gris-Norv\u00e8ge; Brun-Arizona; Rouge-coral; Bleu clair<br \/><b>Dimensions:<\/b><br \/>Dalle biaise: 40&#215;20\/32cm<br \/>Dalle carr\u00e9e: 20;20cm<\/p>\n","protected":false},"featured_media":811,"template":"","meta":[],"product_brand":[],"product_cat":[53],"product_tag":[798],"class_list":{"0":"post-1918","1":"product","2":"type-product","3":"status-publish","4":"has-post-thumbnail","6":"product_cat-dalles-en-beton","7":"product_tag-sfd","8":"pa_dimensions-quadratmeter-fr","9":"pa_discounts-95_20-94_50-fr","10":"pa_id-54-fr","11":"pa_link-www-jardin2000-ch-fr","13":"first","14":"instock","15":"virtual","16":"purchasable","17":"product-type-simple"},"_links":{"self":[{"href":"https:\/\/kaderli.ch\/fr\/wp-json\/wp\/v2\/product\/1918","targetHints":{"allow":["GET"]}}],"collection":[{"href":"https:\/\/kaderli.ch\/fr\/wp-json\/wp\/v2\/product"}],"about":[{"href":"https:\/\/kaderli.ch\/fr\/wp-json\/wp\/v2\/types\/product"}],"wp:featuredmedia":[{"embeddable":true,"href":"https:\/\/kaderli.ch\/fr\/wp-json\/wp\/v2\/media\/811"}],"wp:attachment":[{"href":"https:\/\/kaderli.ch\/fr\/wp-json\/wp\/v2\/media?parent=1918"}],"wp:term":[{"taxonomy":"product_brand","embeddable":true,"href":"https:\/\/kaderli.ch\/fr\/wp-json\/wp\/v2\/product_brand?post=1918"},{"taxonomy":"product_cat","embeddable":true,"href":"https:\/\/kaderli.ch\/fr\/wp-json\/wp\/v2\/product_cat?post=1918"},{"taxonomy":"product_tag","embeddable":true,"href":"https:\/\/kaderli.ch\/fr\/wp-json\/wp\/v2\/product_tag?post=1918"}],"curies":[{"name":"wp","href":"https:\/\/api.w.org\/{rel}","templated":true}]}}