{"id":1920,"date":"2017-02-13T12:24:27","date_gmt":"2017-02-13T13:05:17","guid":{"rendered":"http:\/\/kaderli.dev\/product\/palisades-nostalit\/"},"modified":"2017-08-11T15:30:31","modified_gmt":"2017-08-11T15:30:31","slug":"palisades-nostalit","status":"publish","type":"product","link":"https:\/\/kaderli.ch\/fr\/product\/palisades-nostalit\/","title":{"rendered":"Palisade-Nostalit"},"content":{"rendered":"<p>Nostalit est une ligne des differents produits. Les marches en palisades Nostalit s&rsquo;adaptes tr\u00e9s bien avec les soutien de talue avec des palisades Nostalit comme avec les pav\u00e9es Nostalit ou avec les differents \u00e9lements de cr\u00e9ation du game de Nostalit..<br \/><b>Hauteur des marches:<\/b> libre<br \/><b>Dimensions:<\/b> 12\/12cm; 12\/18cm<br \/><b>Couleurs:<\/b> gris; brun claire<br \/><b>longeurs des palisades:<\/b> 40cm; 60cm<\/p>\n","protected":false},"excerpt":{"rendered":"<p>Nostalit est une ligne des differents produits. Les marches en palisades Nostalit s&#039;adaptes tr\u00e9s bien avec les soutien de talue avec des palisades Nostalit comme avec les pav\u00e9es Nostalit ou avec les differents \u00e9lements de cr\u00e9ation du game de Nostalit..<br \/><b>Hauteur des marches:<\/b> libre<br \/><b>Dimensions:<\/b> 12\/12cm; 12\/18cm<br \/><b>Couleurs:<\/b> gris; brun claire<br \/><b>longeurs des palisades:<\/b> 40cm; 60cm<\/p>\n","protected":false},"featured_media":882,"template":"","meta":[],"product_brand":[],"product_cat":[89],"product_tag":[790],"class_list":{"0":"post-1920","1":"product","2":"type-product","3":"status-publish","4":"has-post-thumbnail","6":"product_cat-marches-avec-elements-en-beton","7":"product_tag-esca","8":"pa_dimensions-stueck-x-breite-m-fr","9":"pa_discounts-320_10-fr","10":"pa_id-78-fr","11":"pa_link-www-cbm-liste-ch-fr","12":"pa_similar-56-fr","14":"first","15":"instock","16":"virtual","17":"purchasable","18":"product-type-simple"},"_links":{"self":[{"href":"https:\/\/kaderli.ch\/fr\/wp-json\/wp\/v2\/product\/1920","targetHints":{"allow":["GET"]}}],"collection":[{"href":"https:\/\/kaderli.ch\/fr\/wp-json\/wp\/v2\/product"}],"about":[{"href":"https:\/\/kaderli.ch\/fr\/wp-json\/wp\/v2\/types\/product"}],"wp:featuredmedia":[{"embeddable":true,"href":"https:\/\/kaderli.ch\/fr\/wp-json\/wp\/v2\/media\/882"}],"wp:attachment":[{"href":"https:\/\/kaderli.ch\/fr\/wp-json\/wp\/v2\/media?parent=1920"}],"wp:term":[{"taxonomy":"product_brand","embeddable":true,"href":"https:\/\/kaderli.ch\/fr\/wp-json\/wp\/v2\/product_brand?post=1920"},{"taxonomy":"product_cat","embeddable":true,"href":"https:\/\/kaderli.ch\/fr\/wp-json\/wp\/v2\/product_cat?post=1920"},{"taxonomy":"product_tag","embeddable":true,"href":"https:\/\/kaderli.ch\/fr\/wp-json\/wp\/v2\/product_tag?post=1920"}],"curies":[{"name":"wp","href":"https:\/\/api.w.org\/{rel}","templated":true}]}}