{"id":1921,"date":"2017-02-13T12:24:27","date_gmt":"2017-02-13T13:05:17","guid":{"rendered":"http:\/\/kaderli.dev\/product\/nostalit-pave\/"},"modified":"2017-08-11T15:31:44","modified_gmt":"2017-08-11T15:31:44","slug":"nostalit-pave","status":"publish","type":"product","link":"https:\/\/kaderli.ch\/fr\/product\/nostalit-pave\/","title":{"rendered":"Nostalit pav\u00e9"},"content":{"rendered":"<p>Les pav\u00e9s Nostalit s&rsquo;integrent biens dans l&rsquo;environ avec leurs formes douces. Il est tr\u00e9s bien utilisabl\u00e9 pour des chemins arrondie ou des c\u00e9rcles. Il y a une ligne compl\u00e9te dans le system  Nostalit avec un serie des produits.<br \/><b>\u00c9paisseur:<\/b><br \/>6cm<br \/><b>Couleurs:<\/b><br \/>gris, brun claire<\/p>\n","protected":false},"excerpt":{"rendered":"<p>Les pav\u00e9s Nostalit s&#039;integrent biens dans l&#039;environ avec leurs formes douces. Il est tr\u00e9s bien utilisabl\u00e9 pour des chemins arrondie ou des c\u00e9rcles. Il y a une ligne compl\u00e9te dans le system  Nostalit avec un serie des produits.<br \/><b>\u00c9paisseur:<\/b><br \/>6cm<br \/><b>Couleurs:<\/b><br \/>gris, brun claire<\/p>\n","protected":false},"featured_media":821,"template":"","meta":[],"product_brand":[],"product_cat":[38],"product_tag":[798],"class_list":{"0":"post-1921","1":"product","2":"type-product","3":"status-publish","4":"has-post-thumbnail","6":"product_cat-paves-et-paves-a-emboitement","7":"product_tag-sfd","8":"pa_dimensions-laenge-m-x-breite-m-fr","9":"pa_discounts-57_50-54_100-fr","10":"pa_id-56-fr","11":"pa_link-www-cbm-liste-ch-fr","12":"pa_similar-78-fr","14":"first","15":"instock","16":"virtual","17":"purchasable","18":"product-type-simple"},"_links":{"self":[{"href":"https:\/\/kaderli.ch\/fr\/wp-json\/wp\/v2\/product\/1921","targetHints":{"allow":["GET"]}}],"collection":[{"href":"https:\/\/kaderli.ch\/fr\/wp-json\/wp\/v2\/product"}],"about":[{"href":"https:\/\/kaderli.ch\/fr\/wp-json\/wp\/v2\/types\/product"}],"wp:featuredmedia":[{"embeddable":true,"href":"https:\/\/kaderli.ch\/fr\/wp-json\/wp\/v2\/media\/821"}],"wp:attachment":[{"href":"https:\/\/kaderli.ch\/fr\/wp-json\/wp\/v2\/media?parent=1921"}],"wp:term":[{"taxonomy":"product_brand","embeddable":true,"href":"https:\/\/kaderli.ch\/fr\/wp-json\/wp\/v2\/product_brand?post=1921"},{"taxonomy":"product_cat","embeddable":true,"href":"https:\/\/kaderli.ch\/fr\/wp-json\/wp\/v2\/product_cat?post=1921"},{"taxonomy":"product_tag","embeddable":true,"href":"https:\/\/kaderli.ch\/fr\/wp-json\/wp\/v2\/product_tag?post=1921"}],"curies":[{"name":"wp","href":"https:\/\/api.w.org\/{rel}","templated":true}]}}