{"id":1922,"date":"2017-02-13T12:24:27","date_gmt":"2017-02-13T13:05:17","guid":{"rendered":"http:\/\/kaderli.dev\/product\/tegula-pavee\/"},"modified":"2018-01-12T18:16:48","modified_gmt":"2018-01-12T18:16:48","slug":"tegula-pavee","status":"publish","type":"product","link":"https:\/\/kaderli.ch\/fr\/product\/tegula-pavee\/","title":{"rendered":"Tegula rustique"},"content":{"rendered":"","protected":false},"excerpt":{"rendered":"<p>Les ar\u00eates cass\u00e9es des pav\u00e9s Tegula, les differents dimensions et formes font de chaque pav\u00e9 une pi\u00e8seunique. Le pav\u00e9 Tegula donne un effet intemporel et naturel. C&#039;est une variante bien march\u00e9 comme remplacement d&#039;un pav\u00e9 naturel.<br \/>\n<b>\u00c9paisseur<\/b><br \/>\n6 ; 8cm<br \/>\n<b>Couleurs<\/b><br \/>\ngris, anthracite, porphyre, Portofino, feuille d&#039;automne, Solea, Granit nuanc\u00e9<br \/>\n<b>Link<\/b><br \/>\n<a href=\"https:\/\/www.creabeton-materiaux.ch\/fr\/jardin\/paves-autobloquants-et-standards\/tegular\/\">Cr\u00e9abeton Tegula<\/a><\/p>\n","protected":false},"featured_media":4435,"template":"","meta":[],"product_brand":[],"product_cat":[38],"product_tag":[798],"class_list":{"0":"post-1922","1":"product","2":"type-product","3":"status-publish","4":"has-post-thumbnail","6":"product_cat-paves-et-paves-a-emboitement","7":"product_tag-sfd","8":"pa_dimensions-laenge-m-x-breite-m-fr","9":"pa_discounts-65_100-68_50-fr","10":"pa_id-57-fr","11":"pa_similar-163-fr","13":"first","14":"instock","15":"purchasable","16":"product-type-simple"},"_links":{"self":[{"href":"https:\/\/kaderli.ch\/fr\/wp-json\/wp\/v2\/product\/1922","targetHints":{"allow":["GET"]}}],"collection":[{"href":"https:\/\/kaderli.ch\/fr\/wp-json\/wp\/v2\/product"}],"about":[{"href":"https:\/\/kaderli.ch\/fr\/wp-json\/wp\/v2\/types\/product"}],"wp:featuredmedia":[{"embeddable":true,"href":"https:\/\/kaderli.ch\/fr\/wp-json\/wp\/v2\/media\/4435"}],"wp:attachment":[{"href":"https:\/\/kaderli.ch\/fr\/wp-json\/wp\/v2\/media?parent=1922"}],"wp:term":[{"taxonomy":"product_brand","embeddable":true,"href":"https:\/\/kaderli.ch\/fr\/wp-json\/wp\/v2\/product_brand?post=1922"},{"taxonomy":"product_cat","embeddable":true,"href":"https:\/\/kaderli.ch\/fr\/wp-json\/wp\/v2\/product_cat?post=1922"},{"taxonomy":"product_tag","embeddable":true,"href":"https:\/\/kaderli.ch\/fr\/wp-json\/wp\/v2\/product_tag?post=1922"}],"curies":[{"name":"wp","href":"https:\/\/api.w.org\/{rel}","templated":true}]}}