{"id":1924,"date":"2017-02-13T13:05:17","date_gmt":"2017-02-13T13:05:17","guid":{"rendered":"http:\/\/kaderli.dev\/product\/murfleuri\/"},"modified":"2019-03-09T14:40:00","modified_gmt":"2019-03-09T14:40:00","slug":"murfleuri","status":"publish","type":"product","link":"https:\/\/kaderli.ch\/fr\/product\/murfleuri\/","title":{"rendered":"Murfleuri"},"content":{"rendered":"","protected":false},"excerpt":{"rendered":"<p><span style=\"color: #ff0000;\"><strong>Ce produit n&rsquo;est plus disponible.<\/strong><\/span><\/p>\n<p>Les \u00e9l\u00e9ments Murfleuri s&rsquo;int\u00e8grent tr\u00e8s bien dans le terrain avec leur forme arrondie. Les parois sonst disponibe arrondie ou droite. &nbsp;Cela nous laisse une grande fl\u00e9xibilit\u00e9 dans la cr\u00e9ation des renfoncements. &nbsp;Tourn\u00e9 en devant il n y as presque pas d&rsquo;espace et avec cela pas de mauvaises herbes, tourn\u00e9 en arri\u00e8re il y a des grands espaces pour la plantation, et avec les rideau droite nous avons une moyen d&rsquo;espaces. &nbsp; Les \u00e9l\u00e9ments Murfleuri sont bien \u00e0 utiliser pour des arrondies dans le muret avec leur forme arrondie. &nbsp;Les angles sont assez difficile \u00e0 r\u00e9aliser.<\/p>\n","protected":false},"featured_media":830,"template":"","meta":[],"product_brand":[],"product_cat":[86],"product_tag":[792],"class_list":{"0":"post-1924","1":"product","2":"type-product","3":"status-publish","4":"has-post-thumbnail","6":"product_cat-elements-du-talue","7":"product_tag-mrt","8":"pa_dimensions-hoehe-m-x-laenge-m-fr","9":"pa_link-www-cbm-liste-ch-fr","11":"first","12":"outofstock","13":"product-type-simple"},"_links":{"self":[{"href":"https:\/\/kaderli.ch\/fr\/wp-json\/wp\/v2\/product\/1924","targetHints":{"allow":["GET"]}}],"collection":[{"href":"https:\/\/kaderli.ch\/fr\/wp-json\/wp\/v2\/product"}],"about":[{"href":"https:\/\/kaderli.ch\/fr\/wp-json\/wp\/v2\/types\/product"}],"wp:featuredmedia":[{"embeddable":true,"href":"https:\/\/kaderli.ch\/fr\/wp-json\/wp\/v2\/media\/830"}],"wp:attachment":[{"href":"https:\/\/kaderli.ch\/fr\/wp-json\/wp\/v2\/media?parent=1924"}],"wp:term":[{"taxonomy":"product_brand","embeddable":true,"href":"https:\/\/kaderli.ch\/fr\/wp-json\/wp\/v2\/product_brand?post=1924"},{"taxonomy":"product_cat","embeddable":true,"href":"https:\/\/kaderli.ch\/fr\/wp-json\/wp\/v2\/product_cat?post=1924"},{"taxonomy":"product_tag","embeddable":true,"href":"https:\/\/kaderli.ch\/fr\/wp-json\/wp\/v2\/product_tag?post=1924"}],"curies":[{"name":"wp","href":"https:\/\/api.w.org\/{rel}","templated":true}]}}