{"id":1926,"date":"2017-02-13T12:24:45","date_gmt":"2017-02-13T13:05:28","guid":{"rendered":"http:\/\/kaderli.dev\/product\/cewagflor-elements-de-talus\/"},"modified":"2017-08-11T14:32:17","modified_gmt":"2017-08-11T14:32:17","slug":"cewagflor-elements-de-talus","status":"publish","type":"product","link":"https:\/\/kaderli.ch\/fr\/product\/cewagflor-elements-de-talus\/","title":{"rendered":"Cewagflor Element de talue"},"content":{"rendered":"<p>Les \u00e9l\u00e9ments Cewagflor peuvent \u00eatre utilis\u00e9s en tant que mur de sout\u00e8nement, consiolidation de talus et procurent des espaces pour la plantation int\u00e9ressants.<br \/>&#8211; De couleur : gris et brun.<\/p>\n","protected":false},"excerpt":{"rendered":"<p>Les \u00e9l\u00e9ments Cewagflor peuvent \u00eatre utilis\u00e9s en tant que mur de sout\u00e8nement, consiolidation de talus et procurent des espaces pour la plantation int\u00e9ressants.<br \/>&#8211; De couleur : gris et brun.<\/p>\n","protected":false},"featured_media":833,"template":"","meta":[],"product_brand":[],"product_cat":[86],"product_tag":[792],"class_list":{"0":"post-1926","1":"product","2":"type-product","3":"status-publish","4":"has-post-thumbnail","6":"product_cat-elements-du-talue","7":"product_tag-mrt","8":"pa_dimensions-hoehe-m-x-laenge-m-fr","9":"pa_id-62-fr","10":"pa_link-www-jardin2000-ch-fr","12":"first","13":"instock","14":"virtual","15":"purchasable","16":"product-type-simple"},"_links":{"self":[{"href":"https:\/\/kaderli.ch\/fr\/wp-json\/wp\/v2\/product\/1926","targetHints":{"allow":["GET"]}}],"collection":[{"href":"https:\/\/kaderli.ch\/fr\/wp-json\/wp\/v2\/product"}],"about":[{"href":"https:\/\/kaderli.ch\/fr\/wp-json\/wp\/v2\/types\/product"}],"wp:featuredmedia":[{"embeddable":true,"href":"https:\/\/kaderli.ch\/fr\/wp-json\/wp\/v2\/media\/833"}],"wp:attachment":[{"href":"https:\/\/kaderli.ch\/fr\/wp-json\/wp\/v2\/media?parent=1926"}],"wp:term":[{"taxonomy":"product_brand","embeddable":true,"href":"https:\/\/kaderli.ch\/fr\/wp-json\/wp\/v2\/product_brand?post=1926"},{"taxonomy":"product_cat","embeddable":true,"href":"https:\/\/kaderli.ch\/fr\/wp-json\/wp\/v2\/product_cat?post=1926"},{"taxonomy":"product_tag","embeddable":true,"href":"https:\/\/kaderli.ch\/fr\/wp-json\/wp\/v2\/product_tag?post=1926"}],"curies":[{"name":"wp","href":"https:\/\/api.w.org\/{rel}","templated":true}]}}