{"id":1928,"date":"2017-02-13T12:24:45","date_gmt":"2017-02-13T13:05:28","guid":{"rendered":"http:\/\/kaderli.dev\/product\/palisades-en-beton-rond\/"},"modified":"2018-11-16T13:01:52","modified_gmt":"2018-11-16T13:01:52","slug":"palisades-en-beton-rond","status":"publish","type":"product","link":"https:\/\/kaderli.ch\/fr\/product\/palisades-en-beton-rond\/","title":{"rendered":"Palisades en b\u00e9ton rond"},"content":{"rendered":"","protected":false},"excerpt":{"rendered":"<p>Palisades en b\u00e9ton peuvent \u00eatre pos\u00e9es comme protection de vue ,comme sout\u00e8nement d&rsquo;un talus ou souvent on les voit pour l&rsquo;entourrage des places de poubelles ou container.&nbsp;<br \/>\n&#8211; Les palisades n\u00e9cessites peux de place.<br \/>\n&#8211; diam\u00e9tre:&nbsp; cm.12 ; cm. 20<br \/>\n&#8211; diverses couleurs et surfaces disponible<\/p>\n<p>Le prix indicatif se compte pour \u00e9l\u00e9ments gris standard, diam. cm.20.<br \/>\nEnv. 1\/3 des elements doit \u00e9tre pos\u00e9 dans la fondation en b\u00e9ton<\/p>\n","protected":false},"featured_media":4777,"template":"","meta":[],"product_brand":[],"product_cat":[87],"product_tag":[792],"class_list":{"0":"post-1928","1":"product","2":"type-product","3":"status-publish","4":"has-post-thumbnail","6":"product_cat-pallisades","7":"product_tag-mrt","8":"pa_dimensions-laenge-m-fr","9":"pa_id-64-fr","10":"pa_link-cewag-duedingen-creabeton-etc-fr","12":"first","13":"instock","14":"downloadable","15":"purchasable","16":"product-type-simple"},"_links":{"self":[{"href":"https:\/\/kaderli.ch\/fr\/wp-json\/wp\/v2\/product\/1928","targetHints":{"allow":["GET"]}}],"collection":[{"href":"https:\/\/kaderli.ch\/fr\/wp-json\/wp\/v2\/product"}],"about":[{"href":"https:\/\/kaderli.ch\/fr\/wp-json\/wp\/v2\/types\/product"}],"wp:featuredmedia":[{"embeddable":true,"href":"https:\/\/kaderli.ch\/fr\/wp-json\/wp\/v2\/media\/4777"}],"wp:attachment":[{"href":"https:\/\/kaderli.ch\/fr\/wp-json\/wp\/v2\/media?parent=1928"}],"wp:term":[{"taxonomy":"product_brand","embeddable":true,"href":"https:\/\/kaderli.ch\/fr\/wp-json\/wp\/v2\/product_brand?post=1928"},{"taxonomy":"product_cat","embeddable":true,"href":"https:\/\/kaderli.ch\/fr\/wp-json\/wp\/v2\/product_cat?post=1928"},{"taxonomy":"product_tag","embeddable":true,"href":"https:\/\/kaderli.ch\/fr\/wp-json\/wp\/v2\/product_tag?post=1928"}],"curies":[{"name":"wp","href":"https:\/\/api.w.org\/{rel}","templated":true}]}}