{"id":1929,"date":"2017-02-13T12:24:45","date_gmt":"2017-02-13T13:05:28","guid":{"rendered":"http:\/\/kaderli.dev\/product\/poutre-en-beton-leger\/"},"modified":"2017-08-11T14:39:03","modified_gmt":"2017-08-11T14:39:03","slug":"poutre-en-beton-leger","status":"publish","type":"product","link":"https:\/\/kaderli.ch\/fr\/product\/poutre-en-beton-leger\/","title":{"rendered":"Poutre en b\u00e9ton l\u00e8g\u00e8re"},"content":{"rendered":"<p>La poutre en b\u00e9ton l\u00e9ger est employ\u00e9e pour des murets de sout\u00e8nement de petite hauteur. La surface visible est en ciment gris taloch\u00e9e. Ces murets sont mont\u00e9s comme les anciennes traverses de chemin fer.<\/p>\n","protected":false},"excerpt":{"rendered":"<p>La poutre en b\u00e9ton l\u00e9ger est employ\u00e9e pour des murets de sout\u00e8nement de petite hauteur. La surface visible est en ciment gris taloch\u00e9e. Ces murets sont mont\u00e9s comme les anciennes traverses de chemin fer.<\/p>\n","protected":false},"featured_media":836,"template":"","meta":[],"product_brand":[],"product_cat":[37],"product_tag":[792],"class_list":{"0":"post-1929","1":"product","2":"type-product","3":"status-publish","4":"has-post-thumbnail","6":"product_cat-autre-murs","7":"product_tag-mrt","8":"pa_dimensions-hoehe-m-x-laenge-m-fr","9":"pa_discounts-340_10-fr","10":"pa_id-65-fr","11":"pa_link-www-cbm-liste-ch-fr","13":"first","14":"instock","15":"virtual","16":"purchasable","17":"product-type-simple"},"_links":{"self":[{"href":"https:\/\/kaderli.ch\/fr\/wp-json\/wp\/v2\/product\/1929","targetHints":{"allow":["GET"]}}],"collection":[{"href":"https:\/\/kaderli.ch\/fr\/wp-json\/wp\/v2\/product"}],"about":[{"href":"https:\/\/kaderli.ch\/fr\/wp-json\/wp\/v2\/types\/product"}],"wp:featuredmedia":[{"embeddable":true,"href":"https:\/\/kaderli.ch\/fr\/wp-json\/wp\/v2\/media\/836"}],"wp:attachment":[{"href":"https:\/\/kaderli.ch\/fr\/wp-json\/wp\/v2\/media?parent=1929"}],"wp:term":[{"taxonomy":"product_brand","embeddable":true,"href":"https:\/\/kaderli.ch\/fr\/wp-json\/wp\/v2\/product_brand?post=1929"},{"taxonomy":"product_cat","embeddable":true,"href":"https:\/\/kaderli.ch\/fr\/wp-json\/wp\/v2\/product_cat?post=1929"},{"taxonomy":"product_tag","embeddable":true,"href":"https:\/\/kaderli.ch\/fr\/wp-json\/wp\/v2\/product_tag?post=1929"}],"curies":[{"name":"wp","href":"https:\/\/api.w.org\/{rel}","templated":true}]}}