{"id":1931,"date":"2017-02-13T12:24:45","date_gmt":"2017-02-13T13:05:28","guid":{"rendered":"http:\/\/kaderli.dev\/product\/brique-murale-cobra\/"},"modified":"2017-08-11T14:41:12","modified_gmt":"2017-08-11T14:41:12","slug":"brique-murale-cobra","status":"publish","type":"product","link":"https:\/\/kaderli.ch\/fr\/product\/brique-murale-cobra\/","title":{"rendered":"Cobra Briques"},"content":{"rendered":"<p>Les briques murales Cobra permettent la construction de murs, la consolidations de talus ou des murs isol\u00e9s. Une plate-bande ou un bassin peuvent \u00eatre aussi r\u00e9alis\u00e9 avec cet \u00e9l\u00e9ment car il est tr\u00e8s polyvalent.<br \/>&#8211; La pose peut s&rsquo;effectue \u00e0 sec, sans mortier<br \/>&#8211; Possibilit\u00e9 de pose provisoire<br \/>&#8211; Peu de place requise<\/p>\n","protected":false},"excerpt":{"rendered":"<p>Les briques murales Cobra permettent la construction de murs, la consolidations de talus ou des murs isol\u00e9s. Une plate-bande ou un bassin peuvent \u00eatre aussi r\u00e9alis\u00e9 avec cet \u00e9l\u00e9ment car il est tr\u00e8s polyvalent.<br \/>&#8211; La pose peut s&#039;effectue \u00e0 sec, sans mortier<br \/>&#8211; Possibilit\u00e9 de pose provisoire<br \/>&#8211; Peu de place requise<\/p>\n","protected":false},"featured_media":838,"template":"","meta":[],"product_brand":[],"product_cat":[31],"product_tag":[792],"class_list":{"0":"post-1931","1":"product","2":"type-product","3":"status-publish","4":"has-post-thumbnail","6":"product_cat-elements-et-briques-en-beton","7":"product_tag-mrt","8":"pa_dimensions-hoehe-m-x-laenge-m-fr","9":"pa_discounts-360_10-fr","10":"pa_id-67-fr","11":"pa_link-www-cbm-liste-ch-fr","13":"first","14":"instock","15":"virtual","16":"purchasable","17":"product-type-simple"},"_links":{"self":[{"href":"https:\/\/kaderli.ch\/fr\/wp-json\/wp\/v2\/product\/1931","targetHints":{"allow":["GET"]}}],"collection":[{"href":"https:\/\/kaderli.ch\/fr\/wp-json\/wp\/v2\/product"}],"about":[{"href":"https:\/\/kaderli.ch\/fr\/wp-json\/wp\/v2\/types\/product"}],"wp:featuredmedia":[{"embeddable":true,"href":"https:\/\/kaderli.ch\/fr\/wp-json\/wp\/v2\/media\/838"}],"wp:attachment":[{"href":"https:\/\/kaderli.ch\/fr\/wp-json\/wp\/v2\/media?parent=1931"}],"wp:term":[{"taxonomy":"product_brand","embeddable":true,"href":"https:\/\/kaderli.ch\/fr\/wp-json\/wp\/v2\/product_brand?post=1931"},{"taxonomy":"product_cat","embeddable":true,"href":"https:\/\/kaderli.ch\/fr\/wp-json\/wp\/v2\/product_cat?post=1931"},{"taxonomy":"product_tag","embeddable":true,"href":"https:\/\/kaderli.ch\/fr\/wp-json\/wp\/v2\/product_tag?post=1931"}],"curies":[{"name":"wp","href":"https:\/\/api.w.org\/{rel}","templated":true}]}}