{"id":1932,"date":"2017-02-13T12:24:45","date_gmt":"2017-02-13T13:05:28","guid":{"rendered":"http:\/\/kaderli.dev\/product\/jura-blocs-pareillee-brut-ou-travaillee\/"},"modified":"2017-08-11T14:43:23","modified_gmt":"2017-08-11T14:43:23","slug":"jura-blocs-pareillee-brut-ou-travaillee","status":"publish","type":"product","link":"https:\/\/kaderli.ch\/fr\/product\/jura-blocs-pareillee-brut-ou-travaillee\/","title":{"rendered":"Jura &#8211; Blocs pareill\u00e9es"},"content":{"rendered":"<p>La stabilit\u00e9e de muret et relev\u00e9e avec les blocs pareil\u00e9e par rapport des blocs roch\u00e9e. C\u00e2 veut dire, qu&rsquo;on peux monter les murs plus r\u00e9d avec ces blocs. Les blocs sont disponible avec des differents grandeurs et teintes dans le jaune. C&rsquo;est aussi possible, de fournire des blocs taill\u00e9e. Ils sont tr\u00e9s r\u00e9guliere.<\/p>\n","protected":false},"excerpt":{"rendered":"<p>La stabilit\u00e9e de muret et relev\u00e9e avec les blocs pareil\u00e9e par rapport des blocs roch\u00e9e. C\u00e2 veut dire, qu&#039;on peux monter les murs plus r\u00e9d avec ces blocs. Les blocs sont disponible avec des differents grandeurs et teintes dans le jaune. C&#039;est aussi possible, de fournire des blocs taill\u00e9e. Ils sont tr\u00e9s r\u00e9guliere.<\/p>\n","protected":false},"featured_media":840,"template":"","meta":[],"product_brand":[],"product_cat":[85],"product_tag":[792],"class_list":{"0":"post-1932","1":"product","2":"type-product","3":"status-publish","4":"has-post-thumbnail","6":"product_cat-murs-naturel-en-bloc-de-roches","7":"product_tag-mrt","8":"pa_dimensions-hoehe-m-x-laenge-m-fr","9":"pa_discounts-330_10-315_20-fr","10":"pa_id-68-fr","11":"pa_link-www-easynatursteine-ch-www-solag-ch-fr","12":"pa_similar-72-74-71-fr","14":"first","15":"instock","16":"virtual","17":"purchasable","18":"product-type-simple"},"_links":{"self":[{"href":"https:\/\/kaderli.ch\/fr\/wp-json\/wp\/v2\/product\/1932","targetHints":{"allow":["GET"]}}],"collection":[{"href":"https:\/\/kaderli.ch\/fr\/wp-json\/wp\/v2\/product"}],"about":[{"href":"https:\/\/kaderli.ch\/fr\/wp-json\/wp\/v2\/types\/product"}],"wp:featuredmedia":[{"embeddable":true,"href":"https:\/\/kaderli.ch\/fr\/wp-json\/wp\/v2\/media\/840"}],"wp:attachment":[{"href":"https:\/\/kaderli.ch\/fr\/wp-json\/wp\/v2\/media?parent=1932"}],"wp:term":[{"taxonomy":"product_brand","embeddable":true,"href":"https:\/\/kaderli.ch\/fr\/wp-json\/wp\/v2\/product_brand?post=1932"},{"taxonomy":"product_cat","embeddable":true,"href":"https:\/\/kaderli.ch\/fr\/wp-json\/wp\/v2\/product_cat?post=1932"},{"taxonomy":"product_tag","embeddable":true,"href":"https:\/\/kaderli.ch\/fr\/wp-json\/wp\/v2\/product_tag?post=1932"}],"curies":[{"name":"wp","href":"https:\/\/api.w.org\/{rel}","templated":true}]}}