{"id":1933,"date":"2017-02-13T12:24:45","date_gmt":"2017-02-13T13:05:28","guid":{"rendered":"http:\/\/kaderli.dev\/product\/tatueren-blocs-pareillee-en-divers-dimensions\/"},"modified":"2019-05-22T06:02:13","modified_gmt":"2019-05-22T06:02:13","slug":"tatueren-blocs-pareillee-en-divers-dimensions","status":"publish","type":"product","link":"https:\/\/kaderli.ch\/fr\/product\/tatueren-blocs-pareillee-en-divers-dimensions\/","title":{"rendered":"Tatueren-Plasseb roches pareill\u00e9e"},"content":{"rendered":"","protected":false},"excerpt":{"rendered":"<p>Les blocs pareill\u00e9e de Plasselb sont disponible en dimmensions suivantes:<\/p>\n<p>50-100Ltr.;&nbsp; 100-300Ltr. und&nbsp; 300-500Ltr.&nbsp;<\/p>\n<p>Ces blocs de Plasselb sont id\u00e9ale pour construire des murets solides puis que ils sont assez r\u00e9guliere et plus profonde que haut.&nbsp; Ils sont en gros dans un gris fonc\u00e9, mais il y a aussi toujours quelques blocs avec une surface blanc ou brun.<\/p>\n<p>Attention, la fourniture des blocs de Plasselb ont des fois un d\u00e9lais d&rsquo;attente jusqu&rsquo;\u00e0 3 mois.<\/p>\n","protected":false},"featured_media":4639,"template":"","meta":[],"product_brand":[],"product_cat":[85],"product_tag":[792],"class_list":{"0":"post-1933","1":"product","2":"type-product","3":"status-publish","4":"has-post-thumbnail","6":"product_cat-murs-naturel-en-bloc-de-roches","7":"product_tag-mrt","8":"pa_dimensions-hoehe-m-x-laenge-m-fr","9":"pa_discounts-330_10-310_20-fr","10":"pa_id-70-fr","11":"pa_link-www-tatueren-ch-fr","12":"pa_similar-71-156-fr","14":"first","15":"instock","16":"purchasable","17":"product-type-simple"},"_links":{"self":[{"href":"https:\/\/kaderli.ch\/fr\/wp-json\/wp\/v2\/product\/1933","targetHints":{"allow":["GET"]}}],"collection":[{"href":"https:\/\/kaderli.ch\/fr\/wp-json\/wp\/v2\/product"}],"about":[{"href":"https:\/\/kaderli.ch\/fr\/wp-json\/wp\/v2\/types\/product"}],"wp:featuredmedia":[{"embeddable":true,"href":"https:\/\/kaderli.ch\/fr\/wp-json\/wp\/v2\/media\/4639"}],"wp:attachment":[{"href":"https:\/\/kaderli.ch\/fr\/wp-json\/wp\/v2\/media?parent=1933"}],"wp:term":[{"taxonomy":"product_brand","embeddable":true,"href":"https:\/\/kaderli.ch\/fr\/wp-json\/wp\/v2\/product_brand?post=1933"},{"taxonomy":"product_cat","embeddable":true,"href":"https:\/\/kaderli.ch\/fr\/wp-json\/wp\/v2\/product_cat?post=1933"},{"taxonomy":"product_tag","embeddable":true,"href":"https:\/\/kaderli.ch\/fr\/wp-json\/wp\/v2\/product_tag?post=1933"}],"curies":[{"name":"wp","href":"https:\/\/api.w.org\/{rel}","templated":true}]}}