{"id":1935,"date":"2017-02-13T12:24:45","date_gmt":"2017-02-13T13:05:28","guid":{"rendered":"http:\/\/kaderli.dev\/product\/jura-brut-pierre-de-roches-jaune\/"},"modified":"2017-08-11T14:50:21","modified_gmt":"2017-08-11T14:50:21","slug":"jura-brut-pierre-de-roches-jaune","status":"publish","type":"product","link":"https:\/\/kaderli.ch\/fr\/product\/jura-brut-pierre-de-roches-jaune\/","title":{"rendered":"Jura blocs d&rsquo;enrochements brut"},"content":{"rendered":"<p>Les gros blocs de rocher du Jura sont des pierres qu&rsquo;on pose naturellement et les espaces entre les blocs sont plant\u00e9s. Les pierres ne sont seulement l\u00e8gerement taill\u00e9es, mais surtout bien choisie pour qu&rsquo;on recevoit un muret stable.<\/p>\n","protected":false},"excerpt":{"rendered":"<p>Les gros blocs de rocher du Jura sont des pierres qu&#039;on pose naturellement et les espaces entre les blocs sont plant\u00e9s. Les pierres ne sont seulement l\u00e8gerement taill\u00e9es, mais surtout bien choisie pour qu&#039;on recevoit un muret stable.<\/p>\n","protected":false},"featured_media":865,"template":"","meta":[],"product_brand":[],"product_cat":[85],"product_tag":[792],"class_list":{"0":"post-1935","1":"product","2":"type-product","3":"status-publish","4":"has-post-thumbnail","6":"product_cat-murs-naturel-en-bloc-de-roches","7":"product_tag-mrt","8":"pa_dimensions-hoehe-m-x-laenge-m-fr","9":"pa_discounts-265_10-fr","10":"pa_id-72-fr","11":"pa_similar-68-fr","13":"first","14":"instock","15":"virtual","16":"purchasable","17":"product-type-simple"},"_links":{"self":[{"href":"https:\/\/kaderli.ch\/fr\/wp-json\/wp\/v2\/product\/1935","targetHints":{"allow":["GET"]}}],"collection":[{"href":"https:\/\/kaderli.ch\/fr\/wp-json\/wp\/v2\/product"}],"about":[{"href":"https:\/\/kaderli.ch\/fr\/wp-json\/wp\/v2\/types\/product"}],"wp:featuredmedia":[{"embeddable":true,"href":"https:\/\/kaderli.ch\/fr\/wp-json\/wp\/v2\/media\/865"}],"wp:attachment":[{"href":"https:\/\/kaderli.ch\/fr\/wp-json\/wp\/v2\/media?parent=1935"}],"wp:term":[{"taxonomy":"product_brand","embeddable":true,"href":"https:\/\/kaderli.ch\/fr\/wp-json\/wp\/v2\/product_brand?post=1935"},{"taxonomy":"product_cat","embeddable":true,"href":"https:\/\/kaderli.ch\/fr\/wp-json\/wp\/v2\/product_cat?post=1935"},{"taxonomy":"product_tag","embeddable":true,"href":"https:\/\/kaderli.ch\/fr\/wp-json\/wp\/v2\/product_tag?post=1935"}],"curies":[{"name":"wp","href":"https:\/\/api.w.org\/{rel}","templated":true}]}}