{"id":1936,"date":"2017-02-13T12:24:45","date_gmt":"2017-02-13T13:05:28","guid":{"rendered":"http:\/\/kaderli.dev\/product\/gros-blocs-d-enney\/"},"modified":"2017-08-11T14:51:59","modified_gmt":"2017-08-11T14:51:59","slug":"gros-blocs-d-enney","status":"publish","type":"product","link":"https:\/\/kaderli.ch\/fr\/product\/gros-blocs-d-enney\/","title":{"rendered":"Enney blocs d&rsquo;enrochements brut"},"content":{"rendered":"<p>Les blocs sont de couleur gris clair. Ils sont disponibles seulement \u00e0 l&rsquo;\u00e9tat brut (pas de bloc pareill\u00e9e). Les blocs d&rsquo;Enney sont tr\u00e9s d\u00e9coratifs, peuvent \u00eatre utilis\u00e9s comme \u00e9l\u00e9ment de d\u00e9coration ou dans des rocailles.<\/p>\n","protected":false},"excerpt":{"rendered":"<p>Les blocs sont de couleur gris clair. Ils sont disponibles seulement \u00e0 l&#039;\u00e9tat brut (pas de bloc pareill\u00e9e). Les blocs d&#039;Enney sont tr\u00e9s d\u00e9coratifs, peuvent \u00eatre utilis\u00e9s comme \u00e9l\u00e9ment de d\u00e9coration ou dans des rocailles.<\/p>\n","protected":false},"featured_media":868,"template":"","meta":[],"product_brand":[],"product_cat":[85],"product_tag":[792],"class_list":{"0":"post-1936","1":"product","2":"type-product","3":"status-publish","4":"has-post-thumbnail","6":"product_cat-murs-naturel-en-bloc-de-roches","7":"product_tag-mrt","8":"pa_dimensions-hoehe-m-x-laenge-m-fr","9":"pa_discounts-255_10-fr","10":"pa_id-73-fr","11":"pa_similar-111-49-fr","13":"first","14":"instock","15":"virtual","16":"purchasable","17":"product-type-simple"},"_links":{"self":[{"href":"https:\/\/kaderli.ch\/fr\/wp-json\/wp\/v2\/product\/1936","targetHints":{"allow":["GET"]}}],"collection":[{"href":"https:\/\/kaderli.ch\/fr\/wp-json\/wp\/v2\/product"}],"about":[{"href":"https:\/\/kaderli.ch\/fr\/wp-json\/wp\/v2\/types\/product"}],"wp:featuredmedia":[{"embeddable":true,"href":"https:\/\/kaderli.ch\/fr\/wp-json\/wp\/v2\/media\/868"}],"wp:attachment":[{"href":"https:\/\/kaderli.ch\/fr\/wp-json\/wp\/v2\/media?parent=1936"}],"wp:term":[{"taxonomy":"product_brand","embeddable":true,"href":"https:\/\/kaderli.ch\/fr\/wp-json\/wp\/v2\/product_brand?post=1936"},{"taxonomy":"product_cat","embeddable":true,"href":"https:\/\/kaderli.ch\/fr\/wp-json\/wp\/v2\/product_cat?post=1936"},{"taxonomy":"product_tag","embeddable":true,"href":"https:\/\/kaderli.ch\/fr\/wp-json\/wp\/v2\/product_tag?post=1936"}],"curies":[{"name":"wp","href":"https:\/\/api.w.org\/{rel}","templated":true}]}}