{"id":1937,"date":"2017-02-13T12:24:45","date_gmt":"2017-02-13T13:05:28","guid":{"rendered":"http:\/\/kaderli.dev\/product\/pierre-du-jura-brute-zyclope-tavailee\/"},"modified":"2017-08-11T14:54:03","modified_gmt":"2017-08-11T14:54:03","slug":"pierre-du-jura-brute-zyclope-tavailee","status":"publish","type":"product","link":"https:\/\/kaderli.ch\/fr\/product\/pierre-du-jura-brute-zyclope-tavailee\/","title":{"rendered":"Jura zyclope taill\u00e9 et betonn\u00e9e"},"content":{"rendered":"<p>Les pierres sont choisies et pos\u00e9es les unes \u00e0 c\u00f4t\u00e9 des autres, l&rsquo;arri\u00e8re du mur est b\u00e9tonn\u00e9. Ce style de mur peut \u00eatre utilis\u00e9 comme mur de sout\u00e8nement, comme consolidation de talus ou en isol\u00e9.<\/p>\n","protected":false},"excerpt":{"rendered":"<p>Les pierres sont choisies et pos\u00e9es les unes \u00e0 c\u00f4t\u00e9 des autres, l&#039;arri\u00e8re du mur est b\u00e9tonn\u00e9. Ce style de mur peut \u00eatre utilis\u00e9 comme mur de sout\u00e8nement, comme consolidation de talus ou en isol\u00e9.<\/p>\n","protected":false},"featured_media":871,"template":"","meta":[],"product_brand":[],"product_cat":[85],"product_tag":[792],"class_list":{"0":"post-1937","1":"product","2":"type-product","3":"status-publish","4":"has-post-thumbnail","6":"product_cat-murs-naturel-en-bloc-de-roches","7":"product_tag-mrt","8":"pa_dimensions-hoehe-m-x-laenge-m-fr","9":"pa_id-74-fr","10":"pa_similar-72-fr","12":"first","13":"instock","14":"virtual","15":"purchasable","16":"product-type-simple"},"_links":{"self":[{"href":"https:\/\/kaderli.ch\/fr\/wp-json\/wp\/v2\/product\/1937","targetHints":{"allow":["GET"]}}],"collection":[{"href":"https:\/\/kaderli.ch\/fr\/wp-json\/wp\/v2\/product"}],"about":[{"href":"https:\/\/kaderli.ch\/fr\/wp-json\/wp\/v2\/types\/product"}],"wp:featuredmedia":[{"embeddable":true,"href":"https:\/\/kaderli.ch\/fr\/wp-json\/wp\/v2\/media\/871"}],"wp:attachment":[{"href":"https:\/\/kaderli.ch\/fr\/wp-json\/wp\/v2\/media?parent=1937"}],"wp:term":[{"taxonomy":"product_brand","embeddable":true,"href":"https:\/\/kaderli.ch\/fr\/wp-json\/wp\/v2\/product_brand?post=1937"},{"taxonomy":"product_cat","embeddable":true,"href":"https:\/\/kaderli.ch\/fr\/wp-json\/wp\/v2\/product_cat?post=1937"},{"taxonomy":"product_tag","embeddable":true,"href":"https:\/\/kaderli.ch\/fr\/wp-json\/wp\/v2\/product_tag?post=1937"}],"curies":[{"name":"wp","href":"https:\/\/api.w.org\/{rel}","templated":true}]}}