{"id":1939,"date":"2017-02-13T12:24:45","date_gmt":"2017-02-13T13:05:28","guid":{"rendered":"http:\/\/kaderli.dev\/product\/im-fang-blocs-pareillees-et-assorties\/"},"modified":"2017-08-11T14:58:09","modified_gmt":"2017-08-11T14:58:09","slug":"im-fang-blocs-pareillees-et-assorties","status":"publish","type":"product","link":"https:\/\/kaderli.ch\/fr\/product\/im-fang-blocs-pareillees-et-assorties\/","title":{"rendered":"Im Fang blocs d&rsquo;enrochement pareill\u00e9 assortie"},"content":{"rendered":"<p>Les pierres assorties sont pos\u00e9es plus ou moins plate, plus simple \u00e0 poser et plus stable.<br \/>Les grandeurs \u00e0 votre disposition sont des blocs de 50-200 ltr. et de 200-500 ltr.En ce moment des blocs pareil\u00e9e ne sont pas disponible.<\/p>\n","protected":false},"excerpt":{"rendered":"<p>Les pierres assorties sont pos\u00e9es plus ou moins plate, plus simple \u00e0 poser et plus stable.<br \/>Les grandeurs \u00e0 votre disposition sont des blocs de 50-200 ltr. et de 200-500 ltr.En ce moment des blocs pareil\u00e9e ne sont pas disponible.<\/p>\n","protected":false},"featured_media":874,"template":"","meta":[],"product_brand":[],"product_cat":[85],"product_tag":[792],"class_list":{"0":"post-1939","1":"product","2":"type-product","3":"status-publish","4":"has-post-thumbnail","6":"product_cat-murs-naturel-en-bloc-de-roches","7":"product_tag-mrt","8":"pa_dimensions-hoehe-m-x-laenge-m-fr","9":"pa_discounts-290_10-fr","10":"pa_id-76-fr","11":"pa_similar-171-fr","13":"first","14":"instock","15":"virtual","16":"purchasable","17":"product-type-simple"},"_links":{"self":[{"href":"https:\/\/kaderli.ch\/fr\/wp-json\/wp\/v2\/product\/1939","targetHints":{"allow":["GET"]}}],"collection":[{"href":"https:\/\/kaderli.ch\/fr\/wp-json\/wp\/v2\/product"}],"about":[{"href":"https:\/\/kaderli.ch\/fr\/wp-json\/wp\/v2\/types\/product"}],"wp:featuredmedia":[{"embeddable":true,"href":"https:\/\/kaderli.ch\/fr\/wp-json\/wp\/v2\/media\/874"}],"wp:attachment":[{"href":"https:\/\/kaderli.ch\/fr\/wp-json\/wp\/v2\/media?parent=1939"}],"wp:term":[{"taxonomy":"product_brand","embeddable":true,"href":"https:\/\/kaderli.ch\/fr\/wp-json\/wp\/v2\/product_brand?post=1939"},{"taxonomy":"product_cat","embeddable":true,"href":"https:\/\/kaderli.ch\/fr\/wp-json\/wp\/v2\/product_cat?post=1939"},{"taxonomy":"product_tag","embeddable":true,"href":"https:\/\/kaderli.ch\/fr\/wp-json\/wp\/v2\/product_tag?post=1939"}],"curies":[{"name":"wp","href":"https:\/\/api.w.org\/{rel}","templated":true}]}}