{"id":1940,"date":"2017-02-13T12:24:45","date_gmt":"2017-02-13T13:05:28","guid":{"rendered":"http:\/\/kaderli.dev\/product\/palisades-en-bois\/"},"modified":"2018-09-22T16:15:41","modified_gmt":"2018-09-22T16:15:41","slug":"palisades-en-bois","status":"publish","type":"product","link":"https:\/\/kaderli.ch\/fr\/product\/palisades-en-bois\/","title":{"rendered":"Palisades en bois"},"content":{"rendered":"<p>Les palisades en bois sont employe souvent pour des entourments (place container, place de parc, place du jeux&#8230;) ou comme protection vue. Les palisades sont en g\u00e9neral autoclav\u00e9e brun ou vert et sont normalement disponible avec un diam\u00e9tre de cm.10 ou cm.12.<br \/>\nLa dur\u00e9e se &#8230;. environt 10-12 ann\u00e9e s&rsquo;ils sont pos\u00e9e correcte.<\/p>\n","protected":false},"excerpt":{"rendered":"<p>Les palisades en bois sont employe souvent pour des entourments (place container, place de parc, place du jeux&#8230;) ou comme protection vue. Les palisades sont en g\u00e9neral autoclav\u00e9e brun ou vert et sont normalement disponible avec un diam\u00e9tre de cm.10 ou cm.12.<br \/>\nLa dur\u00e9e se &#8230;. environt 10-12 ann\u00e9e s&rsquo;ils sont pos\u00e9e correcte.<\/p>\n","protected":false},"featured_media":878,"template":"","meta":[],"product_brand":[],"product_cat":[843,813,87],"product_tag":[804,792],"class_list":{"0":"post-1940","1":"product","2":"type-product","3":"status-publish","4":"has-post-thumbnail","6":"product_cat-divers-protection-de-vue","7":"product_cat-murets-bois","8":"product_cat-pallisades","9":"product_tag-aed","10":"product_tag-mrt","11":"pa_dimensions-laenge-m-fr","12":"pa_id-77-fr","14":"first","15":"instock","16":"virtual","17":"purchasable","18":"product-type-simple"},"_links":{"self":[{"href":"https:\/\/kaderli.ch\/fr\/wp-json\/wp\/v2\/product\/1940","targetHints":{"allow":["GET"]}}],"collection":[{"href":"https:\/\/kaderli.ch\/fr\/wp-json\/wp\/v2\/product"}],"about":[{"href":"https:\/\/kaderli.ch\/fr\/wp-json\/wp\/v2\/types\/product"}],"wp:featuredmedia":[{"embeddable":true,"href":"https:\/\/kaderli.ch\/fr\/wp-json\/wp\/v2\/media\/878"}],"wp:attachment":[{"href":"https:\/\/kaderli.ch\/fr\/wp-json\/wp\/v2\/media?parent=1940"}],"wp:term":[{"taxonomy":"product_brand","embeddable":true,"href":"https:\/\/kaderli.ch\/fr\/wp-json\/wp\/v2\/product_brand?post=1940"},{"taxonomy":"product_cat","embeddable":true,"href":"https:\/\/kaderli.ch\/fr\/wp-json\/wp\/v2\/product_cat?post=1940"},{"taxonomy":"product_tag","embeddable":true,"href":"https:\/\/kaderli.ch\/fr\/wp-json\/wp\/v2\/product_tag?post=1940"}],"curies":[{"name":"wp","href":"https:\/\/api.w.org\/{rel}","templated":true}]}}