{"id":1944,"date":"2017-02-13T12:24:45","date_gmt":"2017-02-13T13:05:28","guid":{"rendered":"http:\/\/kaderli.dev\/product\/protection-de-facade-en-ballast-d-enney\/"},"modified":"2017-08-11T15:07:37","modified_gmt":"2017-08-11T15:07:37","slug":"protection-de-facade-en-ballast-d-enney","status":"publish","type":"product","link":"https:\/\/kaderli.ch\/fr\/product\/protection-de-facade-en-ballast-d-enney\/","title":{"rendered":"Protection de facade en ballast d Enney"},"content":{"rendered":"<p>G\u00e9n\u00e9ralement on pr\u00e9voit une largeur de 40 cm pour la protection des pieds de fa\u00e7ade. Le ballast d&rsquo;Enney est une fa\u00e7on simple et \u00e9conomique pour les prot\u00e9ger.<\/p>\n","protected":false},"excerpt":{"rendered":"<p>G\u00e9n\u00e9ralement on pr\u00e9voit une largeur de 40 cm pour la protection des pieds de fa\u00e7ade. Le ballast d&#039;Enney est une fa\u00e7on simple et \u00e9conomique pour les prot\u00e9ger.<\/p>\n","protected":false},"featured_media":889,"template":"","meta":[],"product_brand":[],"product_cat":[66],"product_tag":[804],"class_list":{"0":"post-1944","1":"product","2":"type-product","3":"status-publish","4":"has-post-thumbnail","6":"product_cat-protectinon-de-fassades","7":"product_tag-aed","8":"pa_dimensions-laenge-m-fr","9":"pa_id-82-fr","10":"pa_similar-111-fr","12":"first","13":"instock","14":"virtual","15":"purchasable","16":"product-type-simple"},"_links":{"self":[{"href":"https:\/\/kaderli.ch\/fr\/wp-json\/wp\/v2\/product\/1944","targetHints":{"allow":["GET"]}}],"collection":[{"href":"https:\/\/kaderli.ch\/fr\/wp-json\/wp\/v2\/product"}],"about":[{"href":"https:\/\/kaderli.ch\/fr\/wp-json\/wp\/v2\/types\/product"}],"wp:featuredmedia":[{"embeddable":true,"href":"https:\/\/kaderli.ch\/fr\/wp-json\/wp\/v2\/media\/889"}],"wp:attachment":[{"href":"https:\/\/kaderli.ch\/fr\/wp-json\/wp\/v2\/media?parent=1944"}],"wp:term":[{"taxonomy":"product_brand","embeddable":true,"href":"https:\/\/kaderli.ch\/fr\/wp-json\/wp\/v2\/product_brand?post=1944"},{"taxonomy":"product_cat","embeddable":true,"href":"https:\/\/kaderli.ch\/fr\/wp-json\/wp\/v2\/product_cat?post=1944"},{"taxonomy":"product_tag","embeddable":true,"href":"https:\/\/kaderli.ch\/fr\/wp-json\/wp\/v2\/product_tag?post=1944"}],"curies":[{"name":"wp","href":"https:\/\/api.w.org\/{rel}","templated":true}]}}