{"id":1946,"date":"2017-02-13T13:05:40","date_gmt":"2017-02-13T13:05:40","guid":{"rendered":"http:\/\/kaderli.dev\/product\/entourage-d-arbre\/"},"modified":"2017-02-13T13:05:40","modified_gmt":"2017-02-13T13:05:40","slug":"entourage-d-arbre","status":"publish","type":"product","link":"https:\/\/kaderli.ch\/fr\/product\/entourage-d-arbre\/","title":{"rendered":"entourage-d-arbre"},"content":{"rendered":"<p>Si des arbres sont plant\u00e9s sur une aire de stationnement ou sur un bord de rout, des fosses de protection d&rsquo;arbres sont n\u00e9cessaires.<br \/>&#8211; Les arbrewse re\u00e7oivent un espce suffisant afin qu&rsquo;ils aient assez d&rsquo;eau<br \/>&#8211; La terre n&rsquo;est pas compact\u00e9 au pied des arbres.<br \/>-Les \u00e9l\u00e9ments de puits d&rsquo;arbre garantissent l&rsquo;approvisionnement d&rsquo;oxyg\u00e8ne dans le sol.<\/p>\n","protected":false},"excerpt":{"rendered":"<p>Si des arbres sont plant\u00e9s sur une aire de stationnement ou sur un bord de rout, des fosses de protection d&rsquo;arbres sont n\u00e9cessaires.<br \/>&#8211; Les arbrewse re\u00e7oivent un espce suffisant afin qu&rsquo;ils aient assez d&rsquo;eau<br \/>&#8211; La terre n&rsquo;est pas compact\u00e9 au pied des arbres.<br \/>-Les \u00e9l\u00e9ments de puits d&rsquo;arbre garantissent l&rsquo;approvisionnement d&rsquo;oxyg\u00e8ne dans le sol.<\/p>\n","protected":false},"featured_media":0,"template":"","meta":[],"product_brand":[],"product_cat":[859],"product_tag":[],"class_list":{"0":"post-1946","1":"product","2":"type-product","3":"status-publish","5":"product_cat-unkategorisiert-fr","6":"pa_dimensions-stueck-fr","7":"pa_id-84-fr","9":"first","10":"instock","11":"virtual","12":"purchasable","13":"product-type-simple"},"_links":{"self":[{"href":"https:\/\/kaderli.ch\/fr\/wp-json\/wp\/v2\/product\/1946","targetHints":{"allow":["GET"]}}],"collection":[{"href":"https:\/\/kaderli.ch\/fr\/wp-json\/wp\/v2\/product"}],"about":[{"href":"https:\/\/kaderli.ch\/fr\/wp-json\/wp\/v2\/types\/product"}],"wp:attachment":[{"href":"https:\/\/kaderli.ch\/fr\/wp-json\/wp\/v2\/media?parent=1946"}],"wp:term":[{"taxonomy":"product_brand","embeddable":true,"href":"https:\/\/kaderli.ch\/fr\/wp-json\/wp\/v2\/product_brand?post=1946"},{"taxonomy":"product_cat","embeddable":true,"href":"https:\/\/kaderli.ch\/fr\/wp-json\/wp\/v2\/product_cat?post=1946"},{"taxonomy":"product_tag","embeddable":true,"href":"https:\/\/kaderli.ch\/fr\/wp-json\/wp\/v2\/product_tag?post=1946"}],"curies":[{"name":"wp","href":"https:\/\/api.w.org\/{rel}","templated":true}]}}