{"id":1947,"date":"2017-02-13T12:24:59","date_gmt":"2017-02-13T13:05:40","guid":{"rendered":"http:\/\/kaderli.dev\/product\/marche-granit-brut-avec-couvertine\/"},"modified":"2017-09-26T14:09:32","modified_gmt":"2017-09-26T14:09:32","slug":"marche-granit-brut-avec-couvertine","status":"publish","type":"product","link":"https:\/\/kaderli.ch\/fr\/product\/marche-granit-brut-avec-couvertine\/","title":{"rendered":"Marches pierre naturels avec couvertines"},"content":{"rendered":"<p>Les marches en granit peut \u00eatre construite directement sur le sol brut en gravier ou un \u00e9scalier construit en Beton peut \u00eatre rev\u00e9tie avec des dalles en granit.<\/p>\n<p>Largeur, hauteur et surface sont libre, mais ils devraient corespondre au formule pour les \u00e9scalier.<\/p>\n","protected":false},"excerpt":{"rendered":"<p>Les marches en pierre naturelles nous pouvons construire avec les moelons ou avec des bordures pour la contre-marche et avec des margelles ou des dalles en pierre naturelles pour le dessus de la marche. &nbsp;Puis que c&rsquo;est des marches compos\u00e9e, &nbsp;nous vous conseillons de les poser sur une fondation en b\u00e9ton. &nbsp;Mais si ils sont assez grandes, une pose sur gravier est aussi possible (surtout avec les mo\u00e9lons).<\/p>\n<p>La construction avec la majorit\u00e9 des dalles en pierres naturelles est possible. &nbsp;Voyez aussi le chapitre surfaces durs en pierre naturelles.<\/p>\n","protected":false},"featured_media":895,"template":"","meta":[],"product_brand":[],"product_cat":[34],"product_tag":[790,800],"class_list":{"0":"post-1947","1":"product","2":"type-product","3":"status-publish","4":"has-post-thumbnail","6":"product_cat-marches-en-pierre-naturelle","7":"product_tag-esca","8":"product_tag-prn","9":"pa_dimensions-stueck-x-breite-m-fr","10":"pa_discounts-350_3-fr","11":"pa_id-86-fr","12":"pa_similar-47-167-fr","14":"first","15":"instock","16":"virtual","17":"purchasable","18":"product-type-simple"},"_links":{"self":[{"href":"https:\/\/kaderli.ch\/fr\/wp-json\/wp\/v2\/product\/1947","targetHints":{"allow":["GET"]}}],"collection":[{"href":"https:\/\/kaderli.ch\/fr\/wp-json\/wp\/v2\/product"}],"about":[{"href":"https:\/\/kaderli.ch\/fr\/wp-json\/wp\/v2\/types\/product"}],"wp:featuredmedia":[{"embeddable":true,"href":"https:\/\/kaderli.ch\/fr\/wp-json\/wp\/v2\/media\/895"}],"wp:attachment":[{"href":"https:\/\/kaderli.ch\/fr\/wp-json\/wp\/v2\/media?parent=1947"}],"wp:term":[{"taxonomy":"product_brand","embeddable":true,"href":"https:\/\/kaderli.ch\/fr\/wp-json\/wp\/v2\/product_brand?post=1947"},{"taxonomy":"product_cat","embeddable":true,"href":"https:\/\/kaderli.ch\/fr\/wp-json\/wp\/v2\/product_cat?post=1947"},{"taxonomy":"product_tag","embeddable":true,"href":"https:\/\/kaderli.ch\/fr\/wp-json\/wp\/v2\/product_tag?post=1947"}],"curies":[{"name":"wp","href":"https:\/\/api.w.org\/{rel}","templated":true}]}}