{"id":1948,"date":"2017-02-13T12:24:59","date_gmt":"2017-02-13T13:05:40","guid":{"rendered":"http:\/\/kaderli.dev\/product\/main-courante\/"},"modified":"2017-08-26T13:49:19","modified_gmt":"2017-08-26T13:49:19","slug":"main-courante","status":"publish","type":"product","link":"https:\/\/kaderli.ch\/fr\/product\/main-courante\/","title":{"rendered":"Maincourante, barri\u00e8re"},"content":{"rendered":"<p>Une main-courante peut \u00eatre r\u00e9alis\u00e9e en beaucoup variantes. Une variant souvent vue est la main-courante simple en innox. Cela peut \u00eatre remplis avec du treillis ou autres variantes.Prix indicativ est que pour main-courante sans remplissage du font.<\/p>\n","protected":false},"excerpt":{"rendered":"<p>Une main-courante peut \u00eatre r\u00e9alis\u00e9e en beaucoup variantes. Une variant souvent vue est la main-courante simple en innox. Cela peut \u00eatre remplis avec du treillis ou autres variantes.Prix indicativ est que pour main-courante sans remplissage du font.<\/p>\n","protected":false},"featured_media":898,"template":"","meta":[],"product_brand":[],"product_cat":[49],"product_tag":[804,790],"class_list":{"0":"post-1948","1":"product","2":"type-product","3":"status-publish","4":"has-post-thumbnail","6":"product_cat-accessoires-escalier","7":"product_tag-aed","8":"product_tag-esca","9":"pa_dimensions-laenge-m-fr","10":"pa_discounts-70_5-fr","11":"pa_id-87-fr","12":"pa_similar-39-121-fr","14":"first","15":"instock","16":"virtual","17":"purchasable","18":"product-type-simple"},"_links":{"self":[{"href":"https:\/\/kaderli.ch\/fr\/wp-json\/wp\/v2\/product\/1948","targetHints":{"allow":["GET"]}}],"collection":[{"href":"https:\/\/kaderli.ch\/fr\/wp-json\/wp\/v2\/product"}],"about":[{"href":"https:\/\/kaderli.ch\/fr\/wp-json\/wp\/v2\/types\/product"}],"wp:featuredmedia":[{"embeddable":true,"href":"https:\/\/kaderli.ch\/fr\/wp-json\/wp\/v2\/media\/898"}],"wp:attachment":[{"href":"https:\/\/kaderli.ch\/fr\/wp-json\/wp\/v2\/media?parent=1948"}],"wp:term":[{"taxonomy":"product_brand","embeddable":true,"href":"https:\/\/kaderli.ch\/fr\/wp-json\/wp\/v2\/product_brand?post=1948"},{"taxonomy":"product_cat","embeddable":true,"href":"https:\/\/kaderli.ch\/fr\/wp-json\/wp\/v2\/product_cat?post=1948"},{"taxonomy":"product_tag","embeddable":true,"href":"https:\/\/kaderli.ch\/fr\/wp-json\/wp\/v2\/product_tag?post=1948"}],"curies":[{"name":"wp","href":"https:\/\/api.w.org\/{rel}","templated":true}]}}