{"id":1950,"date":"2017-02-13T12:24:59","date_gmt":"2017-02-13T13:05:40","guid":{"rendered":"http:\/\/kaderli.dev\/product\/haie-formee\/"},"modified":"2017-08-11T13:46:38","modified_gmt":"2017-08-11T13:46:38","slug":"haie-formee","status":"publish","type":"product","link":"https:\/\/kaderli.ch\/fr\/product\/haie-formee\/","title":{"rendered":"Haie form\u00e9"},"content":{"rendered":"<p>Les haies form\u00e9es sont taill\u00e9e chaque an\u00e9ee, sinon ils risques \u00e0 d\u00e9claquer soul la neige. La taille commence d\u00e9s la premi\u00e9re ann\u00e9e que la plante peut ce renforcer et d\u00e9vloper plus compact.<br \/>Pour les haies form\u00e9e on utilise des arbustes et coniferes p\u00e9ristantes ou non p\u00e9rsistantes. Les arbustes p\u00e9rsistantes sont en r\u00e9gle un peu plus fragile contre le froid et le sel, donc on conseille de les utiliser surtour pour de r\u00e9gions plus doux.<\/p>\n","protected":false},"excerpt":{"rendered":"<p>Les haies form\u00e9es sont taill\u00e9e chaque an\u00e9ee, sinon ils risques \u00e0 d\u00e9claquer soul la neige. La taille commence d\u00e9s la premi\u00e9re ann\u00e9e que la plante peut ce renforcer et d\u00e9vloper plus compact.<br \/>Pour les haies form\u00e9e on utilise des arbustes et coniferes p\u00e9ristantes ou non p\u00e9rsistantes. Les arbustes p\u00e9rsistantes sont en r\u00e9gle un peu plus fragile contre le froid et le sel, donc on conseille de les utiliser surtour pour de r\u00e9gions plus doux.<\/p>\n","protected":false},"featured_media":903,"template":"","meta":[],"product_brand":[],"product_cat":[81],"product_tag":[796,820],"class_list":{"0":"post-1950","1":"product","2":"type-product","3":"status-publish","4":"has-post-thumbnail","6":"product_cat-haies","7":"product_tag-plts","8":"product_tag-surfaces-verts","9":"pa_id-89-fr","10":"pa_link-www-pflanzen-fuer-unsere-gaerten-ch-fr","12":"first","13":"instock","14":"virtual","15":"product-type-simple"},"_links":{"self":[{"href":"https:\/\/kaderli.ch\/fr\/wp-json\/wp\/v2\/product\/1950","targetHints":{"allow":["GET"]}}],"collection":[{"href":"https:\/\/kaderli.ch\/fr\/wp-json\/wp\/v2\/product"}],"about":[{"href":"https:\/\/kaderli.ch\/fr\/wp-json\/wp\/v2\/types\/product"}],"wp:featuredmedia":[{"embeddable":true,"href":"https:\/\/kaderli.ch\/fr\/wp-json\/wp\/v2\/media\/903"}],"wp:attachment":[{"href":"https:\/\/kaderli.ch\/fr\/wp-json\/wp\/v2\/media?parent=1950"}],"wp:term":[{"taxonomy":"product_brand","embeddable":true,"href":"https:\/\/kaderli.ch\/fr\/wp-json\/wp\/v2\/product_brand?post=1950"},{"taxonomy":"product_cat","embeddable":true,"href":"https:\/\/kaderli.ch\/fr\/wp-json\/wp\/v2\/product_cat?post=1950"},{"taxonomy":"product_tag","embeddable":true,"href":"https:\/\/kaderli.ch\/fr\/wp-json\/wp\/v2\/product_tag?post=1950"}],"curies":[{"name":"wp","href":"https:\/\/api.w.org\/{rel}","templated":true}]}}