{"id":1953,"date":"2017-02-13T12:24:59","date_gmt":"2017-02-13T13:05:40","guid":{"rendered":"http:\/\/kaderli.dev\/product\/entourage-et-structures-avec-pavee-naturelles\/"},"modified":"2017-08-11T13:50:51","modified_gmt":"2017-08-11T13:50:51","slug":"entourage-et-structures-avec-pavee-naturelles","status":"publish","type":"product","link":"https:\/\/kaderli.ch\/fr\/product\/entourage-et-structures-avec-pavee-naturelles\/","title":{"rendered":"Entourage et formes au pav\u00e9-naturelle"},"content":{"rendered":"<p>Les pav\u00e9es naturelles se laissent tr\u00e9s bien utiliser pour donner une structure dans des surfaces monotone et pour entourer la surface. Ca nous rapporte und stabilit\u00e9e des bords et nous donne l&rsquo;air d&rsquo;un arr\u00eat propre de la surface.<\/p>\n","protected":false},"excerpt":{"rendered":"<p>Les pav\u00e9es naturelles se laissent tr\u00e9s bien utiliser pour donner une structure dans des surfaces monotone et pour entourer la surface. Ca nous rapporte und stabilit\u00e9e des bords et nous donne l&#039;air d&#039;un arr\u00eat propre de la surface.<\/p>\n","protected":false},"featured_media":1053,"template":"","meta":[],"product_brand":[],"product_cat":[90],"product_tag":[804,798],"class_list":{"0":"post-1953","1":"product","2":"type-product","3":"status-publish","4":"has-post-thumbnail","6":"product_cat-pierres-dalles-de-separation","7":"product_tag-aed","8":"product_tag-sfd","9":"pa_dimensions-laenge-m-fr","10":"pa_discounts-65_25-fr","11":"pa_id-165-fr","13":"first","14":"instock","15":"virtual","16":"purchasable","17":"product-type-simple"},"_links":{"self":[{"href":"https:\/\/kaderli.ch\/fr\/wp-json\/wp\/v2\/product\/1953","targetHints":{"allow":["GET"]}}],"collection":[{"href":"https:\/\/kaderli.ch\/fr\/wp-json\/wp\/v2\/product"}],"about":[{"href":"https:\/\/kaderli.ch\/fr\/wp-json\/wp\/v2\/types\/product"}],"wp:featuredmedia":[{"embeddable":true,"href":"https:\/\/kaderli.ch\/fr\/wp-json\/wp\/v2\/media\/1053"}],"wp:attachment":[{"href":"https:\/\/kaderli.ch\/fr\/wp-json\/wp\/v2\/media?parent=1953"}],"wp:term":[{"taxonomy":"product_brand","embeddable":true,"href":"https:\/\/kaderli.ch\/fr\/wp-json\/wp\/v2\/product_brand?post=1953"},{"taxonomy":"product_cat","embeddable":true,"href":"https:\/\/kaderli.ch\/fr\/wp-json\/wp\/v2\/product_cat?post=1953"},{"taxonomy":"product_tag","embeddable":true,"href":"https:\/\/kaderli.ch\/fr\/wp-json\/wp\/v2\/product_tag?post=1953"}],"curies":[{"name":"wp","href":"https:\/\/api.w.org\/{rel}","templated":true}]}}