{"id":1954,"date":"2017-02-13T12:24:59","date_gmt":"2017-02-13T13:05:40","guid":{"rendered":"http:\/\/kaderli.dev\/product\/plantes-vivaces\/"},"modified":"2017-08-11T13:54:18","modified_gmt":"2017-08-11T13:54:18","slug":"plantes-vivaces","status":"publish","type":"product","link":"https:\/\/kaderli.ch\/fr\/product\/plantes-vivaces\/","title":{"rendered":"Vivaces"},"content":{"rendered":"<p>&#8211; Pour la cr\u00e9ation et la plantation de plate-bandes avec des plantes nous ne rencontrons pas de fronti\u00e8res. Pour chaque endroit de votre jardin, nous trouvons une solution.<br \/>&#8211; Au printemps les plates-bandes se trouvent g\u00e9n\u00e9ralement d\u00e9nud\u00e9s, d&rsquo;o\u00f9 la plantation de bulbes et d&rsquo;oignons. Ces derniers vont vous apporter de la couleur dans votre jardin.<br \/>&#8211; La plantation de plantes vivaces vous permettent d&rsquo;avoir des fleurs tout au long de l&rsquo;ann\u00e9e.<\/p>\n","protected":false},"excerpt":{"rendered":"<p>Pour la cr\u00e9ation et la plantation de plate-bandes avec des plantes vivaces, nous ne connaissons pas de limites. Pour chaque endroit de votre jardin, nous trouvons une solution.<br \/>\nAu printemps les plates-bandes se trouvent g\u00e9n\u00e9ralement d\u00e9nud\u00e9s, d&#039;o\u00f9 la plantation de bulbes et d&#039;oignons. Ces derniers vont vous apporter de la couleur dans votre jardin.<br \/>\nLa plantation de plantes vivaces vous permettent d&#039;avoir des fleurs tout au long de l&#039;ann\u00e9e.<\/p>\n","protected":false},"featured_media":911,"template":"","meta":[],"product_brand":[],"product_cat":[68,82],"product_tag":[796,820],"class_list":{"0":"post-1954","1":"product","2":"type-product","3":"status-publish","4":"has-post-thumbnail","6":"product_cat-plantations-melangee","7":"product_cat-plantes-tapissantes","8":"product_tag-plts","9":"product_tag-surfaces-verts","10":"pa_id-95-fr","12":"first","13":"instock","14":"virtual","15":"product-type-simple"},"_links":{"self":[{"href":"https:\/\/kaderli.ch\/fr\/wp-json\/wp\/v2\/product\/1954","targetHints":{"allow":["GET"]}}],"collection":[{"href":"https:\/\/kaderli.ch\/fr\/wp-json\/wp\/v2\/product"}],"about":[{"href":"https:\/\/kaderli.ch\/fr\/wp-json\/wp\/v2\/types\/product"}],"wp:featuredmedia":[{"embeddable":true,"href":"https:\/\/kaderli.ch\/fr\/wp-json\/wp\/v2\/media\/911"}],"wp:attachment":[{"href":"https:\/\/kaderli.ch\/fr\/wp-json\/wp\/v2\/media?parent=1954"}],"wp:term":[{"taxonomy":"product_brand","embeddable":true,"href":"https:\/\/kaderli.ch\/fr\/wp-json\/wp\/v2\/product_brand?post=1954"},{"taxonomy":"product_cat","embeddable":true,"href":"https:\/\/kaderli.ch\/fr\/wp-json\/wp\/v2\/product_cat?post=1954"},{"taxonomy":"product_tag","embeddable":true,"href":"https:\/\/kaderli.ch\/fr\/wp-json\/wp\/v2\/product_tag?post=1954"}],"curies":[{"name":"wp","href":"https:\/\/api.w.org\/{rel}","templated":true}]}}