{"id":1955,"date":"2017-02-13T12:24:59","date_gmt":"2017-02-13T13:05:40","guid":{"rendered":"http:\/\/kaderli.dev\/product\/lierre\/"},"modified":"2017-08-11T14:07:34","modified_gmt":"2017-08-11T14:07:34","slug":"lierre","status":"publish","type":"product","link":"https:\/\/kaderli.ch\/fr\/product\/lierre\/","title":{"rendered":"Lierre"},"content":{"rendered":"<p>&#8211; Le lierre aime l&rsquo;ombre<br \/>&#8211; persistant<br \/>&#8211; toxique<br \/>&#8211; plante \u00e0 racines crampons, peut \u00eatre utilis\u00e9 pour couvrir des murs<\/p>\n","protected":false},"excerpt":{"rendered":"<p>Le lierre aime l&#039;ombre,<br \/>\nest persistant,<br \/>\ntoxique,<br \/>\nplante \u00e0 racines crampons,<br \/>\npeut \u00eatre utilis\u00e9 pour couvrir des murs ou talus<\/p>\n","protected":false},"featured_media":3088,"template":"","meta":[],"product_brand":[],"product_cat":[69,96],"product_tag":[796,820],"class_list":{"0":"post-1955","1":"product","2":"type-product","3":"status-publish","4":"has-post-thumbnail","6":"product_cat-stabilisation-talue-et-couverture","7":"product_cat-verdures-des-murets-et-fassades-plantes-grimpantes","8":"product_tag-plts","9":"product_tag-surfaces-verts","10":"pa_dimensions-laenge-m-x-breite-m-fr","12":"first","13":"instock","14":"virtual","15":"purchasable","16":"product-type-simple"},"_links":{"self":[{"href":"https:\/\/kaderli.ch\/fr\/wp-json\/wp\/v2\/product\/1955","targetHints":{"allow":["GET"]}}],"collection":[{"href":"https:\/\/kaderli.ch\/fr\/wp-json\/wp\/v2\/product"}],"about":[{"href":"https:\/\/kaderli.ch\/fr\/wp-json\/wp\/v2\/types\/product"}],"wp:featuredmedia":[{"embeddable":true,"href":"https:\/\/kaderli.ch\/fr\/wp-json\/wp\/v2\/media\/3088"}],"wp:attachment":[{"href":"https:\/\/kaderli.ch\/fr\/wp-json\/wp\/v2\/media?parent=1955"}],"wp:term":[{"taxonomy":"product_brand","embeddable":true,"href":"https:\/\/kaderli.ch\/fr\/wp-json\/wp\/v2\/product_brand?post=1955"},{"taxonomy":"product_cat","embeddable":true,"href":"https:\/\/kaderli.ch\/fr\/wp-json\/wp\/v2\/product_cat?post=1955"},{"taxonomy":"product_tag","embeddable":true,"href":"https:\/\/kaderli.ch\/fr\/wp-json\/wp\/v2\/product_tag?post=1955"}],"curies":[{"name":"wp","href":"https:\/\/api.w.org\/{rel}","templated":true}]}}