{"id":1961,"date":"2017-02-13T12:24:59","date_gmt":"2017-02-13T13:05:40","guid":{"rendered":"http:\/\/kaderli.dev\/product\/gabions_murs\/"},"modified":"2017-08-11T14:09:17","modified_gmt":"2017-08-11T14:09:17","slug":"gabions_murs","status":"publish","type":"product","link":"https:\/\/kaderli.ch\/fr\/product\/gabions_murs\/","title":{"rendered":"Gabions murs"},"content":{"rendered":"<p>Les Gabions en pierres sont disponible dans les carri\u00e8res d\u00e9j\u00e0 remplis et pos\u00e9e avec camion grue ou pelle m\u00e9canique ou sont disponible pour monter et remplir directement sur place. Ce d\u00e9rni\u00e9re solution porte l&rsquo;avantage que un muret peut \u00eatre construite sur place ou l&rsquo;acc\u00e9s par des grande v\u00e9hicules est difficile.<br \/>Pour le Montage d&rsquo;un muret en gabions il faudrais demand\u00e9r un sp\u00e9cialiste du fournisseur ou un ing\u00e9nieur que le muret r\u00e9siste \u00e0 la pr\u00e9ssion du talue et que le muret est construit solide.<br \/>Les gabions sont en pricipe dans les dimensions 50cm, 100cm, 200cm disponible. Les ouvertures mesures en principe 10x10cm ou 5x10cm. Il y a des differences dans les \u00e9paisseures dans les fils de construction.  Plus \u00e9paisses, plus solides sont les gabbions.<\/p>\n","protected":false},"excerpt":{"rendered":"<p>Les Gabions en pierres sont disponible dans les carri\u00e8res d\u00e9j\u00e0 remplis et pos\u00e9e avec camion grue ou pelle m\u00e9canique ou sont disponible pour monter et remplir directement sur place. Ce d\u00e9rni\u00e9re solution porte l&#039;avantage que un muret peut \u00eatre construite sur place ou l&#039;acc\u00e9s par des grande v\u00e9hicules est difficile.<br \/>Pour le Montage d&#039;un muret en gabions il faudrais demand\u00e9r un sp\u00e9cialiste du fournisseur ou un ing\u00e9nieur que le muret r\u00e9siste \u00e0 la pr\u00e9ssion du talue et que le muret est construit solide.<br \/>Les gabions sont en pricipe dans les dimensions 50cm, 100cm, 200cm disponible. Les ouvertures mesures en principe 10x10cm ou 5x10cm. Il y a des differences dans les \u00e9paisseures dans les fils de construction.  Plus \u00e9paisses, plus solides sont les gabbions.<\/p>\n","protected":false},"featured_media":912,"template":"","meta":[],"product_brand":[],"product_cat":[88],"product_tag":[792],"class_list":{"0":"post-1961","1":"product","2":"type-product","3":"status-publish","4":"has-post-thumbnail","6":"product_cat-gabbions-de-pierres","7":"product_tag-mrt","9":"first","10":"instock","11":"purchasable","12":"product-type-simple"},"_links":{"self":[{"href":"https:\/\/kaderli.ch\/fr\/wp-json\/wp\/v2\/product\/1961","targetHints":{"allow":["GET"]}}],"collection":[{"href":"https:\/\/kaderli.ch\/fr\/wp-json\/wp\/v2\/product"}],"about":[{"href":"https:\/\/kaderli.ch\/fr\/wp-json\/wp\/v2\/types\/product"}],"wp:featuredmedia":[{"embeddable":true,"href":"https:\/\/kaderli.ch\/fr\/wp-json\/wp\/v2\/media\/912"}],"wp:attachment":[{"href":"https:\/\/kaderli.ch\/fr\/wp-json\/wp\/v2\/media?parent=1961"}],"wp:term":[{"taxonomy":"product_brand","embeddable":true,"href":"https:\/\/kaderli.ch\/fr\/wp-json\/wp\/v2\/product_brand?post=1961"},{"taxonomy":"product_cat","embeddable":true,"href":"https:\/\/kaderli.ch\/fr\/wp-json\/wp\/v2\/product_cat?post=1961"},{"taxonomy":"product_tag","embeddable":true,"href":"https:\/\/kaderli.ch\/fr\/wp-json\/wp\/v2\/product_tag?post=1961"}],"curies":[{"name":"wp","href":"https:\/\/api.w.org\/{rel}","templated":true}]}}