{"id":1963,"date":"2017-02-13T12:24:59","date_gmt":"2017-02-13T13:05:40","guid":{"rendered":"http:\/\/kaderli.dev\/product\/escargot-des-herbes-jardin-aus-herbes-aromatiques\/"},"modified":"2017-08-11T14:13:20","modified_gmt":"2017-08-11T14:13:20","slug":"escargot-des-herbes-jardin-aus-herbes-aromatiques","status":"publish","type":"product","link":"https:\/\/kaderli.ch\/fr\/product\/escargot-des-herbes-jardin-aus-herbes-aromatiques\/","title":{"rendered":"Herbes aromatiques et \u00e9scargot d&rsquo;herbes"},"content":{"rendered":"<p>La pluspart des herbes aromatiques aiment un emplacement sec et ensoleill\u00e9. Avec la construction d&rsquo;un escargot d&rsquo;herbes, nous cr\u00e9ons des conditions id\u00e9ales.<\/p>\n","protected":false},"excerpt":{"rendered":"<p>La pluspart des herbes aromatiques aiment un emplacement sec et ensoleill\u00e9. Avec la construction d&#039;un escargot d&#039;herbes, nous cr\u00e9ons des conditions id\u00e9ales.<\/p>\n","protected":false},"featured_media":916,"template":"","meta":[],"product_brand":[],"product_cat":[70],"product_tag":[800,796,820],"class_list":{"0":"post-1963","1":"product","2":"type-product","3":"status-publish","4":"has-post-thumbnail","6":"product_cat-potager-et-verger","7":"product_tag-prn","8":"product_tag-plts","9":"product_tag-surfaces-verts","10":"pa_dimensions-breite-m-fr","11":"pa_id-106-fr","13":"first","14":"instock","15":"virtual","16":"product-type-simple"},"_links":{"self":[{"href":"https:\/\/kaderli.ch\/fr\/wp-json\/wp\/v2\/product\/1963","targetHints":{"allow":["GET"]}}],"collection":[{"href":"https:\/\/kaderli.ch\/fr\/wp-json\/wp\/v2\/product"}],"about":[{"href":"https:\/\/kaderli.ch\/fr\/wp-json\/wp\/v2\/types\/product"}],"wp:featuredmedia":[{"embeddable":true,"href":"https:\/\/kaderli.ch\/fr\/wp-json\/wp\/v2\/media\/916"}],"wp:attachment":[{"href":"https:\/\/kaderli.ch\/fr\/wp-json\/wp\/v2\/media?parent=1963"}],"wp:term":[{"taxonomy":"product_brand","embeddable":true,"href":"https:\/\/kaderli.ch\/fr\/wp-json\/wp\/v2\/product_brand?post=1963"},{"taxonomy":"product_cat","embeddable":true,"href":"https:\/\/kaderli.ch\/fr\/wp-json\/wp\/v2\/product_cat?post=1963"},{"taxonomy":"product_tag","embeddable":true,"href":"https:\/\/kaderli.ch\/fr\/wp-json\/wp\/v2\/product_tag?post=1963"}],"curies":[{"name":"wp","href":"https:\/\/api.w.org\/{rel}","templated":true}]}}