{"id":1964,"date":"2017-02-13T12:24:59","date_gmt":"2017-02-13T13:05:40","guid":{"rendered":"http:\/\/kaderli.dev\/product\/semnces-pour-gazons\/"},"modified":"2017-08-11T14:24:46","modified_gmt":"2017-08-11T14:24:46","slug":"semnces-pour-gazons","status":"publish","type":"product","link":"https:\/\/kaderli.ch\/fr\/product\/semnces-pour-gazons\/","title":{"rendered":"Gazon semis"},"content":{"rendered":"<p>&#8211; Selon vos exigences et de l&rsquo;utilisation de la pelouse, nous pouvons d\u00e9terminer le choix de la semence.<br \/>&#8211; Les gazons peuvent \u00eatre utilis\u00e9s activement contrairement aux prairies.<br \/>&#8211; il faut couper r\u00e9guli\u00e8rement le gazon<\/p>\n","protected":false},"excerpt":{"rendered":"<p>Selon vos exigences de l&#039;utilisation de la pelouse, nous avons des differentes semences \u00e0 votre disposition.<br \/>\nLe semis et surtout propos\u00e9e les mois de mai et septembre.  Sinon il y a toujours d\u00e9s difficult\u00e9s avec les mauvaises herbes et\/ou avec la sec.<\/p>\n","protected":false},"featured_media":3094,"template":"","meta":[],"product_brand":[],"product_cat":[71],"product_tag":[820],"class_list":{"0":"post-1964","1":"product","2":"type-product","3":"status-publish","4":"has-post-thumbnail","6":"product_cat-gazon-et-prairie-fleuri","7":"product_tag-surfaces-verts","8":"pa_dimensions-laenge-m-x-breite-m-fr","9":"pa_id-107-fr","11":"first","12":"instock","13":"virtual","14":"purchasable","15":"product-type-simple"},"_links":{"self":[{"href":"https:\/\/kaderli.ch\/fr\/wp-json\/wp\/v2\/product\/1964","targetHints":{"allow":["GET"]}}],"collection":[{"href":"https:\/\/kaderli.ch\/fr\/wp-json\/wp\/v2\/product"}],"about":[{"href":"https:\/\/kaderli.ch\/fr\/wp-json\/wp\/v2\/types\/product"}],"wp:featuredmedia":[{"embeddable":true,"href":"https:\/\/kaderli.ch\/fr\/wp-json\/wp\/v2\/media\/3094"}],"wp:attachment":[{"href":"https:\/\/kaderli.ch\/fr\/wp-json\/wp\/v2\/media?parent=1964"}],"wp:term":[{"taxonomy":"product_brand","embeddable":true,"href":"https:\/\/kaderli.ch\/fr\/wp-json\/wp\/v2\/product_brand?post=1964"},{"taxonomy":"product_cat","embeddable":true,"href":"https:\/\/kaderli.ch\/fr\/wp-json\/wp\/v2\/product_cat?post=1964"},{"taxonomy":"product_tag","embeddable":true,"href":"https:\/\/kaderli.ch\/fr\/wp-json\/wp\/v2\/product_tag?post=1964"}],"curies":[{"name":"wp","href":"https:\/\/api.w.org\/{rel}","templated":true}]}}