{"id":1965,"date":"2017-02-13T12:25:12","date_gmt":"2017-02-13T13:05:51","guid":{"rendered":"http:\/\/kaderli.dev\/product\/rouleaux-de-gazons\/"},"modified":"2017-08-11T11:43:14","modified_gmt":"2017-08-11T11:43:14","slug":"rouleaux-de-gazons","status":"publish","type":"product","link":"https:\/\/kaderli.ch\/fr\/product\/rouleaux-de-gazons\/","title":{"rendered":"Gazon en rouleaux"},"content":{"rendered":"<p>Quand une surface doit \u00eatre reverdie rapidement, nous utilisons les rouleaux de gazons.<br \/>&#8211; Apres 3-5 semaines, la pelouse peut \u00eatre utilis\u00e9e.<br \/>&#8211; Les pelouses confectionn\u00e9es en rouleaux de gazons sont plus on\u00e9reuses que celles engazonn\u00e9es traditionnellement.<\/p>\n","protected":false},"excerpt":{"rendered":"<p>Quand une surface doit \u00eatre reverdie rapidement, nous utilisons les rouleaux de gazons.<br \/>&#8211; Apres 3-5 semaines, la pelouse peut \u00eatre utilis\u00e9e.<br \/>&#8211; Les pelouses confectionn\u00e9es en rouleaux de gazons sont plus on\u00e9reuses que celles engazonn\u00e9es traditionnellement.<br \/>\nC&#039;est aussi une bonne possibilit\u00e9 de diminuer beaucoup les mauvaises herbes dans le gazon.<br \/>\nNous avons les sortes:<br \/>\n-Maison et sport<br \/>\n-parc et ombre<br \/>\n-paysage (seulement sur demande et selon disponibilit\u00e9)<\/p>\n","protected":false},"featured_media":919,"template":"","meta":[],"product_brand":[],"product_cat":[71],"product_tag":[820],"class_list":{"0":"post-1965","1":"product","2":"type-product","3":"status-publish","4":"has-post-thumbnail","6":"product_cat-gazon-et-prairie-fleuri","7":"product_tag-surfaces-verts","8":"pa_dimensions-laenge-m-x-breite-m-fr","9":"pa_discounts-15_50-12_120-fr","10":"pa_id-108-fr","12":"first","13":"instock","14":"virtual","15":"purchasable","16":"product-type-simple"},"_links":{"self":[{"href":"https:\/\/kaderli.ch\/fr\/wp-json\/wp\/v2\/product\/1965","targetHints":{"allow":["GET"]}}],"collection":[{"href":"https:\/\/kaderli.ch\/fr\/wp-json\/wp\/v2\/product"}],"about":[{"href":"https:\/\/kaderli.ch\/fr\/wp-json\/wp\/v2\/types\/product"}],"wp:featuredmedia":[{"embeddable":true,"href":"https:\/\/kaderli.ch\/fr\/wp-json\/wp\/v2\/media\/919"}],"wp:attachment":[{"href":"https:\/\/kaderli.ch\/fr\/wp-json\/wp\/v2\/media?parent=1965"}],"wp:term":[{"taxonomy":"product_brand","embeddable":true,"href":"https:\/\/kaderli.ch\/fr\/wp-json\/wp\/v2\/product_brand?post=1965"},{"taxonomy":"product_cat","embeddable":true,"href":"https:\/\/kaderli.ch\/fr\/wp-json\/wp\/v2\/product_cat?post=1965"},{"taxonomy":"product_tag","embeddable":true,"href":"https:\/\/kaderli.ch\/fr\/wp-json\/wp\/v2\/product_tag?post=1965"}],"curies":[{"name":"wp","href":"https:\/\/api.w.org\/{rel}","templated":true}]}}