{"id":1966,"date":"2017-02-13T12:25:12","date_gmt":"2017-02-13T13:05:51","guid":{"rendered":"http:\/\/kaderli.dev\/product\/prairie-fleuri\/"},"modified":"2017-08-11T11:56:04","modified_gmt":"2017-08-11T11:56:04","slug":"prairie-fleuri","status":"publish","type":"product","link":"https:\/\/kaderli.ch\/fr\/product\/prairie-fleuri\/","title":{"rendered":"Prairie fleuri"},"content":{"rendered":"<p>&#8211; Les prairies sont oecologiquement precieux<br \/>&#8211; Les places dans le jardin qu&rsquo;ont ne marcher pas on peut mettre du prairie fleuri<br \/>&#8211; On peut integrer des iles en prairie fleuri dans le gazon<br \/>&#8211; Prairie fleuri ne besoin pas beaucoup d&rsquo;entretien.<\/p>\n","protected":false},"excerpt":{"rendered":"<p>Les prairies fleuris sont oecologiquement precieux<br \/>&#8211; Les places dans le jardin qu&#039;ont ne marcher pas on peut mettre du prairie fleuri<br \/>&#8211; On peut integrer des iles en prairie fleuri dans le gazon<br \/>&#8211; Prairie fleuri ne besoin pas beaucoup d&#039;entretien.<br \/>\nC&rsquo;est important de pr\u00e9parer le sol juste pour avoir la v\u00e9g\u00e9tation voulu. Une prairie maigre ne marcherais seulement sur en sol maigre.<\/p>\n","protected":false},"featured_media":3061,"template":"","meta":[],"product_brand":[],"product_cat":[71],"product_tag":[820],"class_list":{"0":"post-1966","1":"product","2":"type-product","3":"status-publish","4":"has-post-thumbnail","6":"product_cat-gazon-et-prairie-fleuri","7":"product_tag-surfaces-verts","8":"pa_dimensions-laenge-m-x-breite-m-fr","9":"pa_id-109-fr","11":"first","12":"instock","13":"virtual","14":"purchasable","15":"product-type-simple"},"_links":{"self":[{"href":"https:\/\/kaderli.ch\/fr\/wp-json\/wp\/v2\/product\/1966","targetHints":{"allow":["GET"]}}],"collection":[{"href":"https:\/\/kaderli.ch\/fr\/wp-json\/wp\/v2\/product"}],"about":[{"href":"https:\/\/kaderli.ch\/fr\/wp-json\/wp\/v2\/types\/product"}],"wp:featuredmedia":[{"embeddable":true,"href":"https:\/\/kaderli.ch\/fr\/wp-json\/wp\/v2\/media\/3061"}],"wp:attachment":[{"href":"https:\/\/kaderli.ch\/fr\/wp-json\/wp\/v2\/media?parent=1966"}],"wp:term":[{"taxonomy":"product_brand","embeddable":true,"href":"https:\/\/kaderli.ch\/fr\/wp-json\/wp\/v2\/product_brand?post=1966"},{"taxonomy":"product_cat","embeddable":true,"href":"https:\/\/kaderli.ch\/fr\/wp-json\/wp\/v2\/product_cat?post=1966"},{"taxonomy":"product_tag","embeddable":true,"href":"https:\/\/kaderli.ch\/fr\/wp-json\/wp\/v2\/product_tag?post=1966"}],"curies":[{"name":"wp","href":"https:\/\/api.w.org\/{rel}","templated":true}]}}