{"id":1969,"date":"2017-02-13T12:25:12","date_gmt":"2017-02-13T13:05:51","guid":{"rendered":"http:\/\/kaderli.dev\/product\/jura-jarden-de-pierre\/"},"modified":"2017-08-11T12:04:00","modified_gmt":"2017-08-11T12:04:00","slug":"jura-jarden-de-pierre","status":"publish","type":"product","link":"https:\/\/kaderli.ch\/fr\/product\/jura-jarden-de-pierre\/","title":{"rendered":"jura-jarden-de-pierre"},"content":{"rendered":"<p>Ceux qui veulent cr\u00e9er une rocaille de type m\u00e9diterran\u00e9en, peut utiliser des gaviers provenant du Jura.<\/p>\n","protected":false},"excerpt":{"rendered":"<p>Ceux qui veulent cr\u00e9er une rocaille de type m\u00e9diterran\u00e9en, peut utiliser des gaviers provenant du Jura.<\/p>\n","protected":false},"featured_media":936,"template":"","meta":[],"product_brand":[],"product_cat":[43],"product_tag":[808],"class_list":{"0":"post-1969","1":"product","2":"type-product","3":"status-publish","4":"has-post-thumbnail","6":"product_cat-jardin-de-pierres","7":"product_tag-ftajdp","8":"pa_dimensions-laenge-m-x-breite-m-fr","9":"pa_discounts-40_25-fr","10":"pa_id-112-fr","12":"first","13":"instock","14":"virtual","15":"purchasable","16":"product-type-simple"},"_links":{"self":[{"href":"https:\/\/kaderli.ch\/fr\/wp-json\/wp\/v2\/product\/1969","targetHints":{"allow":["GET"]}}],"collection":[{"href":"https:\/\/kaderli.ch\/fr\/wp-json\/wp\/v2\/product"}],"about":[{"href":"https:\/\/kaderli.ch\/fr\/wp-json\/wp\/v2\/types\/product"}],"wp:featuredmedia":[{"embeddable":true,"href":"https:\/\/kaderli.ch\/fr\/wp-json\/wp\/v2\/media\/936"}],"wp:attachment":[{"href":"https:\/\/kaderli.ch\/fr\/wp-json\/wp\/v2\/media?parent=1969"}],"wp:term":[{"taxonomy":"product_brand","embeddable":true,"href":"https:\/\/kaderli.ch\/fr\/wp-json\/wp\/v2\/product_brand?post=1969"},{"taxonomy":"product_cat","embeddable":true,"href":"https:\/\/kaderli.ch\/fr\/wp-json\/wp\/v2\/product_cat?post=1969"},{"taxonomy":"product_tag","embeddable":true,"href":"https:\/\/kaderli.ch\/fr\/wp-json\/wp\/v2\/product_tag?post=1969"}],"curies":[{"name":"wp","href":"https:\/\/api.w.org\/{rel}","templated":true}]}}