{"id":1971,"date":"2017-02-13T12:25:12","date_gmt":"2017-02-13T13:05:51","guid":{"rendered":"http:\/\/kaderli.dev\/product\/metal-et-acier-panneaux\/"},"modified":"2020-08-31T06:38:00","modified_gmt":"2020-08-31T06:38:00","slug":"metal-et-acier-panneaux","status":"publish","type":"product","link":"https:\/\/kaderli.ch\/fr\/product\/metal-et-acier-panneaux\/","title":{"rendered":"Panneaux em m\u00e9tal surface trait\u00e9"},"content":{"rendered":"<p>Les constructions au m\u00e9tal sont tr\u00e8s individuel en formes, couleurs et dimensions. Vous pouvez laisser influer toutes vos id\u00e9es.<\/p>\n","protected":false},"excerpt":{"rendered":"<p>Les parois m\u00e9talliques peuvent \u00eatre r\u00e9alis\u00e9es de mani\u00e8re tr\u00e8s individuelle, en termes de formes, de couleurs, de finitions, de motifs et de traitements de surface.&nbsp; Sur l&rsquo;immage vous voyez un parois thermolaqu\u00e9 RAL, un parois trait\u00e9 \u00e0 l&rsquo;acide contre les brillances et les miroitements et un paoris en acier brut.<\/p>\n","protected":false},"featured_media":1189,"template":"","meta":[],"product_brand":[],"product_cat":[843],"product_tag":[804],"class_list":{"0":"post-1971","1":"product","2":"type-product","3":"status-publish","4":"has-post-thumbnail","6":"product_cat-divers-protection-de-vue","7":"product_tag-aed","8":"pa_id-196-fr","9":"pa_link-www-artmetallbau-ch-www-haymozag-ch-fr","11":"first","12":"instock","13":"virtual","14":"product-type-simple"},"_links":{"self":[{"href":"https:\/\/kaderli.ch\/fr\/wp-json\/wp\/v2\/product\/1971","targetHints":{"allow":["GET"]}}],"collection":[{"href":"https:\/\/kaderli.ch\/fr\/wp-json\/wp\/v2\/product"}],"about":[{"href":"https:\/\/kaderli.ch\/fr\/wp-json\/wp\/v2\/types\/product"}],"wp:featuredmedia":[{"embeddable":true,"href":"https:\/\/kaderli.ch\/fr\/wp-json\/wp\/v2\/media\/1189"}],"wp:attachment":[{"href":"https:\/\/kaderli.ch\/fr\/wp-json\/wp\/v2\/media?parent=1971"}],"wp:term":[{"taxonomy":"product_brand","embeddable":true,"href":"https:\/\/kaderli.ch\/fr\/wp-json\/wp\/v2\/product_brand?post=1971"},{"taxonomy":"product_cat","embeddable":true,"href":"https:\/\/kaderli.ch\/fr\/wp-json\/wp\/v2\/product_cat?post=1971"},{"taxonomy":"product_tag","embeddable":true,"href":"https:\/\/kaderli.ch\/fr\/wp-json\/wp\/v2\/product_tag?post=1971"}],"curies":[{"name":"wp","href":"https:\/\/api.w.org\/{rel}","templated":true}]}}