{"id":1972,"date":"2017-02-13T12:25:12","date_gmt":"2017-02-13T13:05:51","guid":{"rendered":"http:\/\/kaderli.dev\/product\/etang-et-biotop\/"},"modified":"2017-08-11T12:09:50","modified_gmt":"2017-08-11T12:09:50","slug":"etang-et-biotop","status":"publish","type":"product","link":"https:\/\/kaderli.ch\/fr\/product\/etang-et-biotop\/","title":{"rendered":"Etang et Biotop"},"content":{"rendered":"<p>Si vous integrez une piece de l&rsquo;eau dans votre jardin, vous creez un nouveaux habitat pour des animaux et plantes. Il faut construir un \u00e9tang assez grand et surtout assez profond, pour qu&rsquo;il va pas vous cr\u00e9er trop des soucis. Plus profond qu&rsquo;il est, mieux c&rsquo;est.<br \/>&#8211;  On peut cr\u00e9er un etang dans toutes les formes<br \/>&#8211;  un etang ce laisse construir avec bache, des elements pr\u00e9fabriqu\u00e9e ou aussi beton\u00e9e<br \/>&#8211;  Pour une bonne qualit\u00e9e de l eau on peut adapter des pompes, installation filtrage et apareilles pour apporter de l oxyg\u00e8ne dans l eau<br \/>&#8211;  une pi\u00e9ce d eau ne devrait pas etre expos\u00e9e toute la journ\u00e9e en plein soleil. Avec une n\u00e9nuphar on peut d\u00e9j\u00e0 donner un peu de l ombre dans la pi\u00e9ce d eau.<\/p>\n","protected":false},"excerpt":{"rendered":"<p>Si vous integrez une piece de l&#039;eau dans votre jardin, vous creez un nouveaux habitat pour des animaux et plantes. Il faut construir un \u00e9tang assez grand et surtout assez profond, pour qu&#039;il va pas vous cr\u00e9er trop des soucis. Plus profond qu&#039;il est, mieux c&#039;est.<br \/>&#8211;  On peut cr\u00e9er un etang dans toutes les formes<br \/>&#8211;  un etang ce laisse construir avec bache, des elements pr\u00e9fabriqu\u00e9e ou aussi beton\u00e9e<br \/>&#8211;  Pour une bonne qualit\u00e9e de l eau on peut adapter des pompes, installation filtrage et apareilles pour apporter de l oxyg\u00e8ne dans l eau<br \/>&#8211;  une pi\u00e9ce d eau ne devrait pas etre expos\u00e9e toute la journ\u00e9e en plein soleil. Avec une n\u00e9nuphar on peut d\u00e9j\u00e0 donner un peu de l ombre dans la pi\u00e9ce d eau.<\/p>\n","protected":false},"featured_media":939,"template":"","meta":[],"product_brand":[],"product_cat":[59],"product_tag":[810],"class_list":{"0":"post-1972","1":"product","2":"type-product","3":"status-publish","4":"has-post-thumbnail","6":"product_cat-etang-et-tecnique","7":"product_tag-eau","8":"pa_dimensions-laenge-m-x-breite-m-fr","9":"pa_discounts-400_6-300_20-200_50-fr","10":"pa_id-115-fr","12":"first","13":"instock","14":"virtual","15":"purchasable","16":"product-type-simple"},"_links":{"self":[{"href":"https:\/\/kaderli.ch\/fr\/wp-json\/wp\/v2\/product\/1972","targetHints":{"allow":["GET"]}}],"collection":[{"href":"https:\/\/kaderli.ch\/fr\/wp-json\/wp\/v2\/product"}],"about":[{"href":"https:\/\/kaderli.ch\/fr\/wp-json\/wp\/v2\/types\/product"}],"wp:featuredmedia":[{"embeddable":true,"href":"https:\/\/kaderli.ch\/fr\/wp-json\/wp\/v2\/media\/939"}],"wp:attachment":[{"href":"https:\/\/kaderli.ch\/fr\/wp-json\/wp\/v2\/media?parent=1972"}],"wp:term":[{"taxonomy":"product_brand","embeddable":true,"href":"https:\/\/kaderli.ch\/fr\/wp-json\/wp\/v2\/product_brand?post=1972"},{"taxonomy":"product_cat","embeddable":true,"href":"https:\/\/kaderli.ch\/fr\/wp-json\/wp\/v2\/product_cat?post=1972"},{"taxonomy":"product_tag","embeddable":true,"href":"https:\/\/kaderli.ch\/fr\/wp-json\/wp\/v2\/product_tag?post=1972"}],"curies":[{"name":"wp","href":"https:\/\/api.w.org\/{rel}","templated":true}]}}