{"id":1981,"date":"2017-02-13T12:25:12","date_gmt":"2017-02-13T13:05:51","guid":{"rendered":"http:\/\/kaderli.dev\/product\/fil-et-cable-en-fer\/"},"modified":"2017-08-11T13:10:33","modified_gmt":"2017-08-11T13:10:33","slug":"fil-et-cable-en-fer","status":"publish","type":"product","link":"https:\/\/kaderli.ch\/fr\/product\/fil-et-cable-en-fer\/","title":{"rendered":"Fils et c\u00e2bles en fer"},"content":{"rendered":"<p>Fil de fer ou c\u00e2bles en fil de fer sont souvent utilis\u00e9e comme protection de tombe. Ils sont tr\u00e9s l\u00e9geres comme s\u00e9paration. Les fil de fer ou c\u00e2bles sont tir\u00e9es selon dur\u00e9e entre des poteaux en bois ou an m\u00e9tal (inox ou poteaux calvanis\u00e9e).<\/p>\n","protected":false},"excerpt":{"rendered":"<p>Fil de fer ou c\u00e2bles en fil de fer sont souvent utilis\u00e9e comme protection de tombe. Ils sont tr\u00e9s l\u00e9geres comme s\u00e9paration. Les fil de fer ou c\u00e2bles sont tir\u00e9es selon dur\u00e9e entre des poteaux en bois ou an m\u00e9tal (inox ou poteaux calvanis\u00e9e).<\/p>\n","protected":false},"featured_media":963,"template":"","meta":[],"product_brand":[],"product_cat":[54],"product_tag":[804],"class_list":{"0":"post-1981","1":"product","2":"type-product","3":"status-publish","4":"has-post-thumbnail","6":"product_cat-treillis-cordes-en-metal","7":"product_tag-aed","8":"pa_dimensions-laenge-m-fr","9":"pa_discounts-45_20-fr","10":"pa_id-124-fr","12":"first","13":"instock","14":"virtual","15":"purchasable","16":"product-type-simple"},"_links":{"self":[{"href":"https:\/\/kaderli.ch\/fr\/wp-json\/wp\/v2\/product\/1981","targetHints":{"allow":["GET"]}}],"collection":[{"href":"https:\/\/kaderli.ch\/fr\/wp-json\/wp\/v2\/product"}],"about":[{"href":"https:\/\/kaderli.ch\/fr\/wp-json\/wp\/v2\/types\/product"}],"wp:featuredmedia":[{"embeddable":true,"href":"https:\/\/kaderli.ch\/fr\/wp-json\/wp\/v2\/media\/963"}],"wp:attachment":[{"href":"https:\/\/kaderli.ch\/fr\/wp-json\/wp\/v2\/media?parent=1981"}],"wp:term":[{"taxonomy":"product_brand","embeddable":true,"href":"https:\/\/kaderli.ch\/fr\/wp-json\/wp\/v2\/product_brand?post=1981"},{"taxonomy":"product_cat","embeddable":true,"href":"https:\/\/kaderli.ch\/fr\/wp-json\/wp\/v2\/product_cat?post=1981"},{"taxonomy":"product_tag","embeddable":true,"href":"https:\/\/kaderli.ch\/fr\/wp-json\/wp\/v2\/product_tag?post=1981"}],"curies":[{"name":"wp","href":"https:\/\/api.w.org\/{rel}","templated":true}]}}