{"id":1984,"date":"2017-02-13T12:25:12","date_gmt":"2017-02-13T13:05:51","guid":{"rendered":"http:\/\/kaderli.dev\/product\/cloture-en-plastic\/"},"modified":"2017-08-11T13:35:02","modified_gmt":"2017-08-11T13:35:02","slug":"cloture-en-plastic","status":"publish","type":"product","link":"https:\/\/kaderli.ch\/fr\/product\/cloture-en-plastic\/","title":{"rendered":"Cl\u00f4ture en lattes synth\u00e9tique"},"content":{"rendered":"<p>Les staketes en plastic sont mont\u00e9e sur de profil en metal calvanis\u00e9e. Ils sont tr\u00e9s r\u00e9sistant contre le temps et donnent pas d&rsquo;entretien. Mais ils sont pas tr\u00e9s solides contre des abimage mecanique. C&rsquo;est pour cela qui ils sont pas forcement \u00e0 utiliser au bord d&rsquo;une route.<\/p>\n","protected":false},"excerpt":{"rendered":"<p>Les staketes en plastic sont mont\u00e9e sur de profil en metal calvanis\u00e9e. Ils sont tr\u00e9s r\u00e9sistant contre le temps et donnent pas d&#039;entretien. Mais ils sont pas tr\u00e9s solides contre des abimage mecanique. C&#039;est pour cela qui ils sont pas forcement \u00e0 utiliser au bord d&#039;une route.<\/p>\n","protected":false},"featured_media":967,"template":"","meta":[],"product_brand":[],"product_cat":[55],"product_tag":[804],"class_list":{"0":"post-1984","1":"product","2":"type-product","3":"status-publish","4":"has-post-thumbnail","6":"product_cat-cloture-en-plastique","7":"product_tag-aed","8":"pa_dimensions-laenge-m-fr","9":"pa_id-127-fr","11":"first","12":"instock","13":"virtual","14":"purchasable","15":"product-type-simple"},"_links":{"self":[{"href":"https:\/\/kaderli.ch\/fr\/wp-json\/wp\/v2\/product\/1984","targetHints":{"allow":["GET"]}}],"collection":[{"href":"https:\/\/kaderli.ch\/fr\/wp-json\/wp\/v2\/product"}],"about":[{"href":"https:\/\/kaderli.ch\/fr\/wp-json\/wp\/v2\/types\/product"}],"wp:featuredmedia":[{"embeddable":true,"href":"https:\/\/kaderli.ch\/fr\/wp-json\/wp\/v2\/media\/967"}],"wp:attachment":[{"href":"https:\/\/kaderli.ch\/fr\/wp-json\/wp\/v2\/media?parent=1984"}],"wp:term":[{"taxonomy":"product_brand","embeddable":true,"href":"https:\/\/kaderli.ch\/fr\/wp-json\/wp\/v2\/product_brand?post=1984"},{"taxonomy":"product_cat","embeddable":true,"href":"https:\/\/kaderli.ch\/fr\/wp-json\/wp\/v2\/product_cat?post=1984"},{"taxonomy":"product_tag","embeddable":true,"href":"https:\/\/kaderli.ch\/fr\/wp-json\/wp\/v2\/product_tag?post=1984"}],"curies":[{"name":"wp","href":"https:\/\/api.w.org\/{rel}","templated":true}]}}