{"id":1987,"date":"2017-02-13T12:25:25","date_gmt":"2017-02-13T13:06:03","guid":{"rendered":"http:\/\/kaderli.dev\/product\/gabarit-en-bois\/"},"modified":"2017-08-10T14:18:37","modified_gmt":"2017-08-10T14:18:37","slug":"gabarit-en-bois","status":"publish","type":"product","link":"https:\/\/kaderli.ch\/fr\/product\/gabarit-en-bois\/","title":{"rendered":"Espalier en bois"},"content":{"rendered":"<p>Les gabaris le plus simple sont en g\u00e9n\u00e9ral construits avec des poteaus en bois et de fil de fer. Selon stabilit\u00e9e voulu vous pouvez vous d\u00e9sid\u00e9r entre des simples tuteurs, des poteaux car\u00e9e pour p\u00e9rgolas, poteaux solides en chaine, m\u00e9l\u00e9s, acacias etc.. Mais tenez compte que les poteaux en bois pourisset \u00e0 la place ou ils rentres dans la terre.<br \/>Des informations sur la plantation des fruits et \u00e9spaliers vous trouves sous www.pflanzanleitung.ch<\/p>\n","protected":false},"excerpt":{"rendered":"<p>Les gabaris le plus simple sont en g\u00e9n\u00e9ral construits avec des poteaus en bois et de fil de fer. Selon stabilit\u00e9e voulu vous pouvez vous d\u00e9sid\u00e9r entre des simples tuteurs, des poteaux car\u00e9e pour p\u00e9rgolas, poteaux solides en chaine, m\u00e9l\u00e9s, acacias etc.. Mais tenez compte que les poteaux en bois pourisset \u00e0 la place ou ils rentres dans la terre.<br \/>Des informations sur la plantation des fruits et \u00e9spaliers vous trouves sous www.pflanzanleitung.ch<\/p>\n","protected":false},"featured_media":981,"template":"","meta":[],"product_brand":[],"product_cat":[57,70],"product_tag":[804],"class_list":{"0":"post-1987","1":"product","2":"type-product","3":"status-publish","4":"has-post-thumbnail","6":"product_cat-armature-pour-espalier-et-fruits","7":"product_cat-potager-et-verger","8":"product_tag-aed","9":"pa_dimensions-laenge-m-fr","10":"pa_discounts-80_5-70_8-65_12-60_15-fr","11":"pa_id-130-fr","12":"pa_link-www-pflanzanleitung-ch-fr","14":"first","15":"instock","16":"virtual","17":"purchasable","18":"product-type-simple"},"_links":{"self":[{"href":"https:\/\/kaderli.ch\/fr\/wp-json\/wp\/v2\/product\/1987","targetHints":{"allow":["GET"]}}],"collection":[{"href":"https:\/\/kaderli.ch\/fr\/wp-json\/wp\/v2\/product"}],"about":[{"href":"https:\/\/kaderli.ch\/fr\/wp-json\/wp\/v2\/types\/product"}],"wp:featuredmedia":[{"embeddable":true,"href":"https:\/\/kaderli.ch\/fr\/wp-json\/wp\/v2\/media\/981"}],"wp:attachment":[{"href":"https:\/\/kaderli.ch\/fr\/wp-json\/wp\/v2\/media?parent=1987"}],"wp:term":[{"taxonomy":"product_brand","embeddable":true,"href":"https:\/\/kaderli.ch\/fr\/wp-json\/wp\/v2\/product_brand?post=1987"},{"taxonomy":"product_cat","embeddable":true,"href":"https:\/\/kaderli.ch\/fr\/wp-json\/wp\/v2\/product_cat?post=1987"},{"taxonomy":"product_tag","embeddable":true,"href":"https:\/\/kaderli.ch\/fr\/wp-json\/wp\/v2\/product_tag?post=1987"}],"curies":[{"name":"wp","href":"https:\/\/api.w.org\/{rel}","templated":true}]}}