{"id":1988,"date":"2017-02-13T12:25:25","date_gmt":"2017-02-13T13:06:03","guid":{"rendered":"http:\/\/kaderli.dev\/product\/caniveaux\/"},"modified":"2017-08-10T17:07:02","modified_gmt":"2017-08-10T17:07:02","slug":"caniveaux","status":"publish","type":"product","link":"https:\/\/kaderli.ch\/fr\/product\/caniveaux\/","title":{"rendered":"Caniveau Kl C Camion"},"content":{"rendered":"<p><\/p>\n","protected":false},"excerpt":{"rendered":"<p>La cunette poids lourd r\u00e9siste aussi plus long \u00e0 l&rsquo;utilisation plus forte. Elle existe aussi en polymeer, mais souvent elle est fabrique en b\u00e9ton.<br \/>\nLa couverture est en principe en fer forg\u00e9. <\/p>\n","protected":false},"featured_media":3042,"template":"","meta":[],"product_brand":[],"product_cat":[67],"product_tag":[798],"class_list":{"0":"post-1988","1":"product","2":"type-product","3":"status-publish","4":"has-post-thumbnail","6":"product_cat-evacuation-des-eaux-du-surface","7":"product_tag-sfd","8":"pa_dimensions-laenge-m-fr","9":"pa_id-138-fr","11":"first","12":"instock","13":"virtual","14":"purchasable","15":"product-type-simple"},"_links":{"self":[{"href":"https:\/\/kaderli.ch\/fr\/wp-json\/wp\/v2\/product\/1988","targetHints":{"allow":["GET"]}}],"collection":[{"href":"https:\/\/kaderli.ch\/fr\/wp-json\/wp\/v2\/product"}],"about":[{"href":"https:\/\/kaderli.ch\/fr\/wp-json\/wp\/v2\/types\/product"}],"wp:featuredmedia":[{"embeddable":true,"href":"https:\/\/kaderli.ch\/fr\/wp-json\/wp\/v2\/media\/3042"}],"wp:attachment":[{"href":"https:\/\/kaderli.ch\/fr\/wp-json\/wp\/v2\/media?parent=1988"}],"wp:term":[{"taxonomy":"product_brand","embeddable":true,"href":"https:\/\/kaderli.ch\/fr\/wp-json\/wp\/v2\/product_brand?post=1988"},{"taxonomy":"product_cat","embeddable":true,"href":"https:\/\/kaderli.ch\/fr\/wp-json\/wp\/v2\/product_cat?post=1988"},{"taxonomy":"product_tag","embeddable":true,"href":"https:\/\/kaderli.ch\/fr\/wp-json\/wp\/v2\/product_tag?post=1988"}],"curies":[{"name":"wp","href":"https:\/\/api.w.org\/{rel}","templated":true}]}}