{"id":1989,"date":"2017-02-13T12:25:25","date_gmt":"2017-02-13T13:06:03","guid":{"rendered":"http:\/\/kaderli.dev\/product\/1989\/"},"modified":"2017-08-19T12:57:52","modified_gmt":"2017-08-19T12:57:52","slug":"1989","status":"publish","type":"product","link":"https:\/\/kaderli.ch\/fr\/product\/1989\/","title":{"rendered":"Bordures 8-25\/25 Kt. Fribourg"},"content":{"rendered":"","protected":false},"excerpt":{"rendered":"<p>La bordure&nbsp;8-10\/25cm c&rsquo;est la bordure ancienne&nbsp;utilis\u00e9e le plus souvent comme arr\u00eat de la place de parc ou&nbsp;du trottoir cot\u00e9 jardin. Elle est solide et&nbsp;facile&nbsp;\u00e0 poser.<\/p>\n<p>La bordure principale mesure 1m de longueur, mais peux \u00eatre achet\u00e9 plus court ou en mod\u00e8les sp\u00e9ciales pour arrondies, abaissements ou raccordements.<\/p>\n<p>Cette bordure et en principe joint\u00e9e au m\u00f4rtier.<\/p>\n<p>Au bord des routes la plus grande bordure (12-15\/h25cm) est utilis\u00e9e.<\/p>\n","protected":false},"featured_media":3115,"template":"","meta":[],"product_brand":[],"product_cat":[65],"product_tag":[798],"class_list":{"0":"post-1989","1":"product","2":"type-product","3":"status-publish","4":"has-post-thumbnail","6":"product_cat-bordures","7":"product_tag-sfd","8":"pa_dimensions-laenge-m-fr","9":"pa_id-132-fr","11":"first","12":"instock","13":"virtual","14":"purchasable","15":"product-type-simple"},"_links":{"self":[{"href":"https:\/\/kaderli.ch\/fr\/wp-json\/wp\/v2\/product\/1989","targetHints":{"allow":["GET"]}}],"collection":[{"href":"https:\/\/kaderli.ch\/fr\/wp-json\/wp\/v2\/product"}],"about":[{"href":"https:\/\/kaderli.ch\/fr\/wp-json\/wp\/v2\/types\/product"}],"wp:featuredmedia":[{"embeddable":true,"href":"https:\/\/kaderli.ch\/fr\/wp-json\/wp\/v2\/media\/3115"}],"wp:attachment":[{"href":"https:\/\/kaderli.ch\/fr\/wp-json\/wp\/v2\/media?parent=1989"}],"wp:term":[{"taxonomy":"product_brand","embeddable":true,"href":"https:\/\/kaderli.ch\/fr\/wp-json\/wp\/v2\/product_brand?post=1989"},{"taxonomy":"product_cat","embeddable":true,"href":"https:\/\/kaderli.ch\/fr\/wp-json\/wp\/v2\/product_cat?post=1989"},{"taxonomy":"product_tag","embeddable":true,"href":"https:\/\/kaderli.ch\/fr\/wp-json\/wp\/v2\/product_tag?post=1989"}],"curies":[{"name":"wp","href":"https:\/\/api.w.org\/{rel}","templated":true}]}}