{"id":1992,"date":"2017-02-13T12:25:25","date_gmt":"2017-02-13T13:06:03","guid":{"rendered":"http:\/\/kaderli.dev\/product\/bordure-granit\/"},"modified":"2017-08-10T16:01:44","modified_gmt":"2017-08-10T16:01:44","slug":"bordure-granit","status":"publish","type":"product","link":"https:\/\/kaderli.ch\/fr\/product\/bordure-granit\/","title":{"rendered":"Bordure en Granit"},"content":{"rendered":"<p>Comme tous les autres mat\u00e9riaux en granit aussi les bordures en granit viennent de diff\u00e9rentes r\u00e9gions. Avec beaucoup des plaques et pierres granit il ya aussi les bordures associ\u00e9 avec les surfaces brut, sci\u00e9, flamb\u00e9 et \/ ou sabl\u00e9e.<\/p>\n","protected":false},"excerpt":{"rendered":"<p>Comme tous les autres mat\u00e9riaux en granit aussi les bordures en granit viennent de diff\u00e9rentes r\u00e9gions. Avec beaucoup des plaques et pierres granit il ya aussi les bordures associ\u00e9 avec les surfaces brut, sci\u00e9, flamb\u00e9 et \/ ou sabl\u00e9e.<br \/>\nLes longueurs sont en g\u00e9n\u00e9rale libre (60-120cm), \u00e9paiseur entre 4-6, 6-8, 8-10cm, hauteur en g\u00e9n\u00e9rale 25cm,  en dalles aussi 20\/30\/40 et 50cm<\/p>\n","protected":false},"featured_media":983,"template":"","meta":[],"product_brand":[],"product_cat":[65],"product_tag":[800,798],"class_list":{"0":"post-1992","1":"product","2":"type-product","3":"status-publish","4":"has-post-thumbnail","6":"product_cat-bordures","7":"product_tag-prn","8":"product_tag-sfd","9":"pa_dimensions-stueck-fr","10":"pa_id-135-fr","11":"pa_similar-46-fr","13":"first","14":"instock","15":"virtual","16":"purchasable","17":"product-type-simple"},"_links":{"self":[{"href":"https:\/\/kaderli.ch\/fr\/wp-json\/wp\/v2\/product\/1992","targetHints":{"allow":["GET"]}}],"collection":[{"href":"https:\/\/kaderli.ch\/fr\/wp-json\/wp\/v2\/product"}],"about":[{"href":"https:\/\/kaderli.ch\/fr\/wp-json\/wp\/v2\/types\/product"}],"wp:featuredmedia":[{"embeddable":true,"href":"https:\/\/kaderli.ch\/fr\/wp-json\/wp\/v2\/media\/983"}],"wp:attachment":[{"href":"https:\/\/kaderli.ch\/fr\/wp-json\/wp\/v2\/media?parent=1992"}],"wp:term":[{"taxonomy":"product_brand","embeddable":true,"href":"https:\/\/kaderli.ch\/fr\/wp-json\/wp\/v2\/product_brand?post=1992"},{"taxonomy":"product_cat","embeddable":true,"href":"https:\/\/kaderli.ch\/fr\/wp-json\/wp\/v2\/product_cat?post=1992"},{"taxonomy":"product_tag","embeddable":true,"href":"https:\/\/kaderli.ch\/fr\/wp-json\/wp\/v2\/product_tag?post=1992"}],"curies":[{"name":"wp","href":"https:\/\/api.w.org\/{rel}","templated":true}]}}