{"id":1995,"date":"2017-02-13T12:25:25","date_gmt":"2017-02-13T13:06:03","guid":{"rendered":"http:\/\/kaderli.dev\/product\/caniveaux-2\/"},"modified":"2017-08-10T16:56:45","modified_gmt":"2017-08-10T16:56:45","slug":"caniveaux-2","status":"publish","type":"product","link":"https:\/\/kaderli.ch\/fr\/product\/caniveaux-2\/","title":{"rendered":"Caniveau Kl B passepied et voiture"},"content":{"rendered":"<p><\/p>\n","protected":false},"excerpt":{"rendered":"<p>La cunette cl.B est utilis\u00e9 en g\u00e9n\u00e9rale pour des passe-pieds ou carrossable l\u00e9g\u00e8rement.<br \/>\nComme grilles il y a des grilles passerelles, grilles caillebotis ou grilles en fontes.<br \/>\nUne fixation des grilles augmonte la stabilit\u00e9 de la cunette.<\/p>\n","protected":false},"featured_media":3036,"template":"","meta":[],"product_brand":[],"product_cat":[67],"product_tag":[798],"class_list":{"0":"post-1995","1":"product","2":"type-product","3":"status-publish","4":"has-post-thumbnail","6":"product_cat-evacuation-des-eaux-du-surface","7":"product_tag-sfd","8":"pa_dimensions-laenge-m-fr","9":"pa_id-137-fr","11":"first","12":"instock","13":"virtual","14":"purchasable","15":"product-type-simple"},"_links":{"self":[{"href":"https:\/\/kaderli.ch\/fr\/wp-json\/wp\/v2\/product\/1995","targetHints":{"allow":["GET"]}}],"collection":[{"href":"https:\/\/kaderli.ch\/fr\/wp-json\/wp\/v2\/product"}],"about":[{"href":"https:\/\/kaderli.ch\/fr\/wp-json\/wp\/v2\/types\/product"}],"wp:featuredmedia":[{"embeddable":true,"href":"https:\/\/kaderli.ch\/fr\/wp-json\/wp\/v2\/media\/3036"}],"wp:attachment":[{"href":"https:\/\/kaderli.ch\/fr\/wp-json\/wp\/v2\/media?parent=1995"}],"wp:term":[{"taxonomy":"product_brand","embeddable":true,"href":"https:\/\/kaderli.ch\/fr\/wp-json\/wp\/v2\/product_brand?post=1995"},{"taxonomy":"product_cat","embeddable":true,"href":"https:\/\/kaderli.ch\/fr\/wp-json\/wp\/v2\/product_cat?post=1995"},{"taxonomy":"product_tag","embeddable":true,"href":"https:\/\/kaderli.ch\/fr\/wp-json\/wp\/v2\/product_tag?post=1995"}],"curies":[{"name":"wp","href":"https:\/\/api.w.org\/{rel}","templated":true}]}}