{"id":1996,"date":"2017-02-13T12:25:25","date_gmt":"2017-02-13T13:06:03","guid":{"rendered":"http:\/\/kaderli.dev\/product\/bac-a-sable\/"},"modified":"2017-08-11T08:27:56","modified_gmt":"2017-08-11T08:27:56","slug":"bac-a-sable","status":"publish","type":"product","link":"https:\/\/kaderli.ch\/fr\/product\/bac-a-sable\/","title":{"rendered":"Bac \u00e0 sable"},"content":{"rendered":"<p>Ce bac \u00e0 sable est construit souvent dans les dimension 1.50 x 1.50m jusq \u00e0 2.50 x 2.50.  C&rsquo;est important de construir une drainage au font pour \u00e9vacuer l&rsquo;eau.<br \/>Un filet pour couvrir peut \u00eatre confection\u00e9e sur mesure.<\/p>\n","protected":false},"excerpt":{"rendered":"<p>Ce bac \u00e0 sable est construit souvent dans les dimension 1.50 x 1.50m jusq \u00e0 2.50 x 2.50.  C&#039;est important de construir une drainage au font pour \u00e9vacuer l&#039;eau.<br \/>Un filet pour couvrir peut \u00eatre confection\u00e9e sur mesure.<\/p>\n","protected":false},"featured_media":989,"template":"","meta":[],"product_brand":[],"product_cat":[77],"product_tag":[804,818],"class_list":{"0":"post-1996","1":"product","2":"type-product","3":"status-publish","4":"has-post-thumbnail","6":"product_cat-place-de-jeux-et-engins","7":"product_tag-aed","8":"product_tag-jeuxsport","9":"pa_dimensions-stueck-fr","10":"pa_id-139-fr","12":"first","13":"instock","14":"virtual","15":"purchasable","16":"product-type-simple"},"_links":{"self":[{"href":"https:\/\/kaderli.ch\/fr\/wp-json\/wp\/v2\/product\/1996","targetHints":{"allow":["GET"]}}],"collection":[{"href":"https:\/\/kaderli.ch\/fr\/wp-json\/wp\/v2\/product"}],"about":[{"href":"https:\/\/kaderli.ch\/fr\/wp-json\/wp\/v2\/types\/product"}],"wp:featuredmedia":[{"embeddable":true,"href":"https:\/\/kaderli.ch\/fr\/wp-json\/wp\/v2\/media\/989"}],"wp:attachment":[{"href":"https:\/\/kaderli.ch\/fr\/wp-json\/wp\/v2\/media?parent=1996"}],"wp:term":[{"taxonomy":"product_brand","embeddable":true,"href":"https:\/\/kaderli.ch\/fr\/wp-json\/wp\/v2\/product_brand?post=1996"},{"taxonomy":"product_cat","embeddable":true,"href":"https:\/\/kaderli.ch\/fr\/wp-json\/wp\/v2\/product_cat?post=1996"},{"taxonomy":"product_tag","embeddable":true,"href":"https:\/\/kaderli.ch\/fr\/wp-json\/wp\/v2\/product_tag?post=1996"}],"curies":[{"name":"wp","href":"https:\/\/api.w.org\/{rel}","templated":true}]}}