{"id":1999,"date":"2017-02-13T12:25:25","date_gmt":"2017-02-13T13:06:03","guid":{"rendered":"http:\/\/kaderli.dev\/product\/piscine-enteree-avec-panneaux-solides\/"},"modified":"2017-08-11T09:19:12","modified_gmt":"2017-08-11T09:19:12","slug":"piscine-enteree-avec-panneaux-solides","status":"publish","type":"product","link":"https:\/\/kaderli.ch\/fr\/product\/piscine-enteree-avec-panneaux-solides\/","title":{"rendered":"Piscine enterr\u00e9 avec panneau et liner"},"content":{"rendered":"<p>Ces piscines (z.B. Kafko, Steeltech, Kitcool)sont mont\u00e9e avec des \u00e9l\u00e9ments de bords solides. Ils sont disponible r\u00e9ctangulaire (avec des coin l\u00e9g\u00e9remen arrondie) ou selon mod\u00e8les en formes fantasie. Ils on beaucoup des possibilit\u00e9es de prolongement comme nage \u00e0 contre courante, \u00e9scalier romain, differentes formes du fond etc.. Les dimensions sont souvent libre \u00e0 votre choix, parce que ils ont des panneaux en differentes dimensions.Les indications de prix sont uniquement compt\u00e9e pour les travaux d&rsquo;annexe. Pour la fourniture et montage des piscines et \u00e9quipement gardez la liste de prix ou l&rsquo;offre de votre fournisseur.<\/p>\n","protected":false},"excerpt":{"rendered":"<p>Ces piscines (par exemple Kafko, Steeltech, Kitcool)sont mont\u00e9e avec des \u00e9l\u00e9ments de bords solides. Ils sont disponible r\u00e9ctangulaire (avec des coin l\u00e9g\u00e9remen arrondie) ou selon mod\u00e8les en formes fantasie. Ils on beaucoup des possibilit\u00e9es de prolongement comme nage \u00e0 contre courante, \u00e9scalier romain, differentes formes du fond etc.. Les dimensions sont souvent libre \u00e0 votre choix, parce que ils ont des panneaux en differentes dimensions.Les indications de prix sont uniquement compt\u00e9e pour les travaux d&#039;annexe. Pour la fourniture et montage des piscines et \u00e9quipement gardez la liste de prix ou l&#039;offre de votre fournisseur.<\/p>\n","protected":false},"featured_media":990,"template":"","meta":[],"product_brand":[],"product_cat":[78],"product_tag":[810],"class_list":{"0":"post-1999","1":"product","2":"type-product","3":"status-publish","4":"has-post-thumbnail","6":"product_cat-piscine","7":"product_tag-eau","8":"pa_dimensions-quadratmeter-fr","9":"pa_id-142-fr","10":"pa_link-www-piscine-aebi-kaderli-ch-fr","11":"pa_similar-170-fr","13":"first","14":"instock","15":"virtual","16":"product-type-simple"},"_links":{"self":[{"href":"https:\/\/kaderli.ch\/fr\/wp-json\/wp\/v2\/product\/1999","targetHints":{"allow":["GET"]}}],"collection":[{"href":"https:\/\/kaderli.ch\/fr\/wp-json\/wp\/v2\/product"}],"about":[{"href":"https:\/\/kaderli.ch\/fr\/wp-json\/wp\/v2\/types\/product"}],"wp:featuredmedia":[{"embeddable":true,"href":"https:\/\/kaderli.ch\/fr\/wp-json\/wp\/v2\/media\/990"}],"wp:attachment":[{"href":"https:\/\/kaderli.ch\/fr\/wp-json\/wp\/v2\/media?parent=1999"}],"wp:term":[{"taxonomy":"product_brand","embeddable":true,"href":"https:\/\/kaderli.ch\/fr\/wp-json\/wp\/v2\/product_brand?post=1999"},{"taxonomy":"product_cat","embeddable":true,"href":"https:\/\/kaderli.ch\/fr\/wp-json\/wp\/v2\/product_cat?post=1999"},{"taxonomy":"product_tag","embeddable":true,"href":"https:\/\/kaderli.ch\/fr\/wp-json\/wp\/v2\/product_tag?post=1999"}],"curies":[{"name":"wp","href":"https:\/\/api.w.org\/{rel}","templated":true}]}}